{"id":926,"date":"2021-06-28T11:13:04","date_gmt":"2021-06-28T11:13:04","guid":{"rendered":"https:\/\/advancecentr.org.ua\/?page_id=926"},"modified":"2025-05-06T08:37:59","modified_gmt":"2025-05-06T08:37:59","slug":"humanitarius-segitsegnyujtas","status":"publish","type":"page","link":"https:\/\/advancecentr.org.ua\/hu\/humanitarius-segitsegnyujtas\/","title":{"rendered":"Humanit\u00e1rius seg\u00edts\u00e9gny\u00fajt\u00e1s"},"content":{"rendered":"\t\t<div data-elementor-type=\"wp-page\" data-elementor-id=\"926\" class=\"elementor elementor-926\">\n\t\t\t\t\t\t<section class=\"elementor-section elementor-top-section elementor-element elementor-element-e30e27e elementor-section-boxed elementor-section-height-default elementor-section-height-default\" data-id=\"e30e27e\" data-element_type=\"section\">\n\t\t\t\t\t\t<div class=\"elementor-container elementor-column-gap-default\">\n\t\t\t\t\t<div class=\"elementor-column elementor-col-50 elementor-top-column elementor-element elementor-element-3be5632\" data-id=\"3be5632\" data-element_type=\"column\">\n\t\t\t<div class=\"elementor-widget-wrap elementor-element-populated\">\n\t\t\t\t\t\t<div class=\"elementor-element elementor-element-dc6c3e0 elementor-widget elementor-widget-spacer\" data-id=\"dc6c3e0\" data-element_type=\"widget\" data-widget_type=\"spacer.default\">\n\t\t\t\t<div class=\"elementor-widget-container\">\n\t\t\t\t\t\t\t<div class=\"elementor-spacer\">\n\t\t\t<div class=\"elementor-spacer-inner\"><\/div>\n\t\t<\/div>\n\t\t\t\t\t\t<\/div>\n\t\t\t\t<\/div>\n\t\t\t\t<div class=\"elementor-element elementor-element-aab5be9 elementor-widget elementor-widget-heading\" data-id=\"aab5be9\" data-element_type=\"widget\" data-widget_type=\"heading.default\">\n\t\t\t\t<div class=\"elementor-widget-container\">\n\t\t\t\t\t<h2 class=\"elementor-heading-title elementor-size-default\">Humanit\u00e1rius programok<\/h2>\t\t\t\t<\/div>\n\t\t\t\t<\/div>\n\t\t\t\t<div class=\"elementor-element elementor-element-ae1c3fb elementor-widget elementor-widget-text-editor\" data-id=\"ae1c3fb\" data-element_type=\"widget\" data-widget_type=\"text-editor.default\">\n\t\t\t\t<div class=\"elementor-widget-container\">\n\t\t\t\t\t\t\t\t\t<p>Legf\u0151bb c\u00e9lunk a neh\u00e9z \u00e9lethelyzetbe ker\u00fclt csal\u00e1dok seg\u00edt\u00e9se sokoldal\u00fa szoci\u00e1lis, humanit\u00e1rius \u00e9s egy\u00e9b t\u00e1mogat\u00e1s r\u00e9v\u00e9n. Alap\u00edt\u00e1sunk \u00f3ta sz\u00e1mos humanit\u00e1rius programban vett\u00fcnk r\u00e9szt, \u00e9s arra t\u00f6reksz\u00fcnk, hogy seg\u00edts\u00e9get ny\u00fajtsunk azoknak, akik r\u00e1szorulnak.<\/p><p><br>Szervezet\u00fcnk a Magyar \u00d6kumenikus Seg\u00e9lyszervezet helyi partnerek\u00e9nt r\u00e9szt vett a k\u00e1rp\u00e1taljai \u00e1rv\u00edz k\u00f6vetkezm\u00e9nyeinek felsz\u00e1mol\u00e1s\u00e1ban 1998-ban \u00e9s 2001-ben. Seg\u00edts\u00e9get ny\u00fajtottunk a 2002-ben Lviv mellett t\u00f6rt\u00e9nt l\u00e9gikatasztr\u00f3fa \u00e1ldozatainak, a 2004-ben Novobohdanivk\u00e1ban bek\u00f6vetkezett l\u0151szerrakt\u00e1r-robban\u00e1s s\u00e9r\u00fcltjeinek, valamint a 2008-as Ivano-Frankivszki megyei \u00e1rv\u00edz k\u00e1rosultjainak.<\/p><p><br>2014-ben az \u201eEls\u0151dleges \u00e9s s\u00fcrg\u0151ss\u00e9gi eg\u00e9szs\u00e9g\u00fcgyi ell\u00e1t\u00e1s fejleszt\u00e9se K\u00e1rp\u00e1talj\u00e1n \u00e9s Ivano-Frankivszki megy\u00e9ben az ukr\u00e1n v\u00e1ls\u00e1g s\u00fcrg\u0151ss\u00e9gi-rehabilit\u00e1ci\u00f3s szakasz\u00e1ban\u201d program keret\u00e9ben 32 beregsz\u00e1szi j\u00e1r\u00e1si orvosi rendel\u0151t l\u00e1ttunk el gy\u00f3gyszerekkel \u00e9s orvosi eszk\u00f6z\u00f6kkel, valamint k\u00e9t betegmegfigyel\u0151 monitort adom\u00e1nyoztunk az Ivano-Frankivszki gyermekklinik\u00e1nak.<br>A 2014-es kijevi harcok ut\u00e1n az Alap\u00edtv\u00e1ny f\u00e9lmilli\u00f3 forint \u00e9rt\u00e9kben ny\u00fajtott humanit\u00e1rius seg\u00edts\u00e9get a sebes\u00fcltek kezel\u00e9s\u00e9re. A Magyar K\u00fcl\u00fcgyminiszt\u00e9rium 2 milli\u00f3 forintos p\u00e9nz\u00fcgyi t\u00e1mogat\u00e1s\u00e1val gy\u00f3gyszereket \u00e9s orvosi eszk\u00f6z\u00f6ket biztos\u00edtottunk a r\u00e1szorul\u00f3knak. Humanit\u00e1rius seg\u00e9lyt (\u00e9lelmiszert \u00e9s higi\u00e9niai term\u00e9keket) juttattunk az Ivano-Frankivszkban \u00e9s Lvivben \u00e9l\u0151 bels\u0151 menek\u00fclteknek.<\/p><p><br>2012 \u00f3ta t\u00e1mogatjuk a h\u00e1tr\u00e1nyos helyzet\u0171 csal\u00e1dok gyermekeit Beregsz\u00e1szon \u00e9s a j\u00e1r\u00e1sban iskolai tanszercsomagokkal, \u00f6szt\u00f6n\u00f6zve \u0151ket a tanul\u00e1sra \u00e9s biztos\u00edtva sz\u00e1mukra az egyenl\u0151 lehet\u0151s\u00e9geket.<br>A K\u00e1rp\u00e1taljai Fejleszt\u00e9si \u00e9s Tan\u00e1csad\u00f3 K\u00f6zpont az \u201eHungary Helps Program\u201d keret\u00e9ben t\u00e1mogat\u00e1st ny\u00fajtott K\u00e1rp\u00e1talja lakosainak a koronav\u00edrus-j\u00e1rv\u00e1ny okozta v\u00e1ls\u00e1g hat\u00e1sainak enyh\u00edt\u00e9se \u00e9rdek\u00e9ben.<br>A koronav\u00edrus-v\u00e1ls\u00e1g kezdet\u00e9t\u0151l Alap\u00edtv\u00e1nyunk r\u00e9szt vesz az \u00d6kumenikus Seg\u00e9lyszervezet \u00e9s a Magyar K\u00fclgazdas\u00e1gi \u00e9s K\u00fcl\u00fcgyminiszt\u00e9rium \u00e1ltal finansz\u00edrozott humanit\u00e1rius programokban.<\/p><p><br>2020 \u00e1prilis\u00e1ban az \u201eAdvance\u201d Alap\u00edtv\u00e1ny k\u00f6zrem\u0171k\u00f6d\u00e9s\u00e9vel Beregsz\u00e1szba \u00e9rkezett az els\u0151 humanit\u00e1rius sz\u00e1ll\u00edtm\u00e1ny: 100 000 orvosi maszk, v\u00e9d\u0151szem\u00fcveg, pajzsok, v\u00e9d\u0151ruh\u00e1zat \u00e9s fert\u0151tlen\u00edt\u0151szerek. A seg\u00edts\u00e9get a Magyar Korm\u00e1ny biztos\u00edtotta, m\u00edg a sz\u00e1ll\u00edt\u00e1st \u00e9s az \u00e1tad\u00e1st a Magyar \u00d6kumenikus Seg\u00e9lyszervezet szervezte. Ez a szervezet m\u00e1r t\u00f6bb mint k\u00e9t \u00e9vtizede v\u00e9gez humanit\u00e1rius tev\u00e9kenys\u00e9get Ukrajna k\u00fcl\u00f6nb\u00f6z\u0151 r\u00e9gi\u00f3iban. 2020 okt\u00f3ber\u00e9ben az \u00d6kumenikus Seg\u00e9lyszervezettel \u00e9s az \u201eAdvance\u201d Alap\u00edtv\u00e1nnyal egy\u00fcttm\u0171k\u00f6dve 50 l\u00e9legeztet\u0151g\u00e9pet juttattunk el K\u00e1rp\u00e1talja k\u00f3rh\u00e1zainak. 2021 janu\u00e1rj\u00e1ban pedig a Magyar Korm\u00e1ny tov\u00e1bbi 50 l\u00e9legeztet\u0151g\u00e9pet adom\u00e1nyozott, amelyeket 10 ukr\u00e1n megye 46 k\u00f3rh\u00e1z\u00e1ba osztottak sz\u00e9t<\/p>\t\t\t\t\t\t\t\t<\/div>\n\t\t\t\t<\/div>\n\t\t\t\t\t<\/div>\n\t\t<\/div>\n\t\t\t\t<div class=\"elementor-column elementor-col-50 elementor-top-column elementor-element elementor-element-d22985a\" data-id=\"d22985a\" data-element_type=\"column\">\n\t\t\t<div class=\"elementor-widget-wrap elementor-element-populated\">\n\t\t\t\t\t\t<div class=\"elementor-element elementor-element-2977baa elementor-widget elementor-widget-spacer\" data-id=\"2977baa\" data-element_type=\"widget\" data-widget_type=\"spacer.default\">\n\t\t\t\t<div class=\"elementor-widget-container\">\n\t\t\t\t\t\t\t<div class=\"elementor-spacer\">\n\t\t\t<div class=\"elementor-spacer-inner\"><\/div>\n\t\t<\/div>\n\t\t\t\t\t\t<\/div>\n\t\t\t\t<\/div>\n\t\t\t\t<div class=\"elementor-element elementor-element-6f6a652 elementor-arrows-position-inside elementor-pagination-position-outside elementor-widget elementor-widget-image-carousel\" data-id=\"6f6a652\" data-element_type=\"widget\" data-settings=\"{&quot;slides_to_show&quot;:&quot;1&quot;,&quot;navigation&quot;:&quot;both&quot;,&quot;autoplay&quot;:&quot;yes&quot;,&quot;pause_on_hover&quot;:&quot;yes&quot;,&quot;pause_on_interaction&quot;:&quot;yes&quot;,&quot;autoplay_speed&quot;:5000,&quot;infinite&quot;:&quot;yes&quot;,&quot;effect&quot;:&quot;slide&quot;,&quot;speed&quot;:500}\" data-widget_type=\"image-carousel.default\">\n\t\t\t\t<div class=\"elementor-widget-container\">\n\t\t\t\t\t\t\t<div class=\"elementor-image-carousel-wrapper swiper\" role=\"region\" aria-roledescription=\"carousel\" aria-label=\"\u041a\u0430\u0440\u0443\u0441\u0435\u043b\u044c \u0437\u043e\u0431\u0440\u0430\u0436\u0435\u043d\u044c\" dir=\"ltr\">\n\t\t\t<div class=\"elementor-image-carousel swiper-wrapper\" aria-live=\"off\">\n\t\t\t\t\t\t\t\t<div class=\"swiper-slide\" role=\"group\" aria-roledescription=\"slide\" aria-label=\"1 \/ 2\"><figure class=\"swiper-slide-inner\"><img decoding=\"async\" class=\"swiper-slide-image\" src=\"https:\/\/advancecentr.org.ua\/wp-content\/uploads\/2025\/05\/6P5A3812.jpg\" alt=\"6P5A3812.jpg\" \/><\/figure><\/div><div class=\"swiper-slide\" role=\"group\" aria-roledescription=\"slide\" aria-label=\"2 \/ 2\"><figure class=\"swiper-slide-inner\"><img decoding=\"async\" class=\"swiper-slide-image\" src=\"https:\/\/advancecentr.org.ua\/wp-content\/uploads\/2025\/05\/IMG_5210_Beregszasz_Osztas_20180214-scaled-2.jpg\" alt=\"IMG_5210_Beregszasz_Osztas_20180214-scaled-2.jpg\" \/><\/figure><\/div>\t\t\t<\/div>\n\t\t\t\t\t\t\t\t\t\t\t\t<div class=\"elementor-swiper-button elementor-swiper-button-prev\" role=\"button\" tabindex=\"0\">\n\t\t\t\t\t\t<i aria-hidden=\"true\" class=\"eicon-chevron-left\"><\/i>\t\t\t\t\t<\/div>\n\t\t\t\t\t<div class=\"elementor-swiper-button elementor-swiper-button-next\" role=\"button\" tabindex=\"0\">\n\t\t\t\t\t\t<i aria-hidden=\"true\" class=\"eicon-chevron-right\"><\/i>\t\t\t\t\t<\/div>\n\t\t\t\t\n\t\t\t\t\t\t\t\t\t<div class=\"swiper-pagination\"><\/div>\n\t\t\t\t\t\t\t\t\t<\/div>\n\t\t\t\t\t\t<\/div>\n\t\t\t\t<\/div>\n\t\t\t\t\t<\/div>\n\t\t<\/div>\n\t\t\t\t\t<\/div>\n\t\t<\/section>\n\t\t\t\t<section class=\"elementor-section elementor-top-section elementor-element elementor-element-4e5ad443 elementor-section-height-min-height elementor-section-boxed elementor-section-height-default elementor-section-items-middle\" data-id=\"4e5ad443\" data-element_type=\"section\" data-settings=\"{&quot;background_background&quot;:&quot;gradient&quot;}\">\n\t\t\t\t\t\t\t<div class=\"elementor-background-overlay\"><\/div>\n\t\t\t\t\t\t\t<div class=\"elementor-container elementor-column-gap-default\">\n\t\t\t\t\t<div class=\"elementor-column elementor-col-100 elementor-top-column elementor-element elementor-element-731f77a3\" data-id=\"731f77a3\" data-element_type=\"column\">\n\t\t\t<div class=\"elementor-widget-wrap elementor-element-populated\">\n\t\t\t\t\t\t<section class=\"elementor-section elementor-inner-section elementor-element elementor-element-4bace8af elementor-section-boxed elementor-section-height-default elementor-section-height-default\" data-id=\"4bace8af\" data-element_type=\"section\">\n\t\t\t\t\t\t\t<div class=\"elementor-background-overlay\"><\/div>\n\t\t\t\t\t\t\t<div class=\"elementor-container elementor-column-gap-default\">\n\t\t\t\t\t<div class=\"elementor-column elementor-col-100 elementor-inner-column elementor-element elementor-element-2832d0e3\" data-id=\"2832d0e3\" data-element_type=\"column\">\n\t\t\t<div class=\"elementor-widget-wrap elementor-element-populated\">\n\t\t\t\t\t\t<div class=\"elementor-element elementor-element-4dc9844b  animated fadeInDown duration2 elementor-widget elementor-widget-heading\" data-id=\"4dc9844b\" data-element_type=\"widget\" data-widget_type=\"heading.default\">\n\t\t\t\t<div class=\"elementor-widget-container\">\n\t\t\t\t\t<h2 class=\"elementor-heading-title elementor-size-default\">Humanit\u00e1rius Seg\u00edts\u00e9gny\u00fajt\u00e1s<\/h2>\t\t\t\t<\/div>\n\t\t\t\t<\/div>\n\t\t\t\t<div class=\"elementor-element elementor-element-4a0c91b0  animated fadeInDown duration2 elementor-widget-divider--view-line elementor-widget elementor-widget-divider\" data-id=\"4a0c91b0\" data-element_type=\"widget\" data-widget_type=\"divider.default\">\n\t\t\t\t<div class=\"elementor-widget-container\">\n\t\t\t\t\t\t\t<div class=\"elementor-divider\">\n\t\t\t<span class=\"elementor-divider-separator\">\n\t\t\t\t\t\t<\/span>\n\t\t<\/div>\n\t\t\t\t\t\t<\/div>\n\t\t\t\t<\/div>\n\t\t\t\t<div class=\"elementor-element elementor-element-10bb6ce3  animated fadeInDown duration2 elementor-widget elementor-widget-text-editor\" data-id=\"10bb6ce3\" data-element_type=\"widget\" data-widget_type=\"text-editor.default\">\n\t\t\t\t<div class=\"elementor-widget-container\">\n\t\t\t\t\t\t\t\t\t<p>K\u00f6zpontunk megalap\u00edt\u00e1sa \u00f3ta sz\u00e1mos humanit\u00e1rius projektben vesz r\u00e9szt \u00e9s t\u00f6rekszik seg\u00edts\u00e9get ny\u00fajtani a r\u00e1szorul\u00f3knak.<\/p>\n<p>Szervezet\u00fcnk a Magyar \u00d6kumenikus Seg\u00e9lyszervezet helyi partnerek\u00e9nt r\u00e9szt vett a 1998-as \u00e9s 2001-es k\u00e1rp\u00e1taljai \u00e1rv\u00edzi k\u00e1rment\u00e9s\u00edt\u00e9s\u00e9ben. T\u00e1mogat\u00e1st ny\u00fajtottunk a 2002-ben Lviv mellett t\u00f6rt\u00e9nt l\u00e9gi katasztr\u00f3fa, a 2004-ben t\u00f6rt\u00e9nt Novobogdanovkai l\u0151szerrakt\u00e1r robban\u00e1s \u00e1ldozatainak, illetve a 2008\u2014ban Ivano-Frankivszkban t\u00f6rt\u00e9nt \u00e1rv\u00edz k\u00e1rosultjainak.&nbsp;<\/p>\n<p><span style=\"background-color: transparent;\">Az els\u0151k k\u00f6z\u00f6tt reag\u00e1lva az ukr\u00e1n v\u00e1ls\u00e1gra, a K\u00f6zpont s\u00fcrg\u0151ss\u00e9gi \u00e9s alapell\u00e1t\u00e1s fejleszt\u00e9s\u00e9be kezdett K\u00e1rp\u00e1talj\u00e1n \u00e9s Ivano-Frankivszkban a v\u00e1ls\u00e1g rehabilit\u00e1ci\u00f3s szakasz\u00e1nak kezel\u00e9s\u00e9re 2014-ben. A projekt keret\u00e9ben a Beregsz\u00e1szi j\u00e1r\u00e1sban m\u0171k\u00f6d\u0151 32 falusi rendel\u0151 kapott \u00e9letment\u0151 \u00e9s alapfok\u00fa orvosi ell\u00e1t\u00e1shoz sz\u00fcks\u00e9ges eszk\u00f6z\u00f6ket, az Ivano-Frankivszki megyei gyermekklinika pedig 2 \u00faj vizsg\u00e1l\u00f3 monitorral lett gazdagabb.<\/span><\/p>\n<p><\/p>\t\t\t\t\t\t\t\t<\/div>\n\t\t\t\t<\/div>\n\t\t\t\t<div class=\"elementor-element elementor-element-aae4c37  animated fadeInDown duration2 elementor-widget elementor-widget-text-editor\" data-id=\"aae4c37\" data-element_type=\"widget\" data-widget_type=\"text-editor.default\">\n\t\t\t\t<div class=\"elementor-widget-container\">\n\t\t\t\t\t\t\t\t\t<p>2014-ben a Kijevben t\u00f6rt\u00e9nt \u00f6sszecsap\u00e1sokat k\u00f6vet\u0151en f\u00e9lmilli\u00f3 forint \u00e9rt\u00e9kben ny\u00fajtottunk humanit\u00e1rius t\u00e1mogat\u00e1st a sebes\u00fcltek ell\u00e1t\u00e1s\u00e1hoz. Magyarorsz\u00e1g K\u00fcl\u00fcgyminiszt\u00e9riuma \u00e1ltal felaj\u00e1nlott tov\u00e1bbi 2 milli\u00f3 forintos keretb\u0151l \u00fajabb, a sebes\u00fcltek ell\u00e1t\u00e1shoz sz\u00fcks\u00e9ges k\u00f3rh\u00e1zi eszk\u00f6z\u00f6kb\u0151l \u00e1ll\u00f3 adom\u00e1nyt adtunk; mindezzel t\u00e1mogatva az ukrajnai bels\u0151 menek\u00fclteket Ivano-Frankivszkban \u00e9s Lembergben.<\/p><p>2012-t\u0151l kezd\u0151d\u0151en tanszercsomaggal \u00e9s n\u00e9lk\u00fcl\u00f6zhetetlen iskolai eszk\u00f6z\u00f6kkel is t\u00e1mogatjuk a Beregsz\u00e1szban \u00e9s a j\u00e1r\u00e1sban \u00e9l\u0151 h\u00e1tr\u00e1nyos helyzet\u0171 gyermekek iskolakezd\u00e9s\u00e9t ezzel is a tanul\u00e1sra \u00f6szt\u00f6n\u00f6zve \u00e9s egyenl\u0151 es\u00e9lyhez juttatva a gyermekeket. \u00a0<\/p><p>Az ADVANCE K\u00e1rp\u00e1taljai Tan\u00e1csad\u00f3 \u00e9s Fejleszt\u0151 K\u00f6zpont a Hungary Helps Program keret\u00e9ben a k\u00e1rp\u00e1taljai lakoss\u00e1got k\u00edv\u00e1nta t\u00e1mogatni a koronav\u00edrus j\u00e1rv\u00e1ny okozta eg\u00e9szs\u00e9g\u00fcgyi v\u00e1ls\u00e1ghelyzet hat\u00e1sainak cs\u00f6kkent\u00e9se \u00e9rdek\u00e9ben. A K\u00f6zpont a koronav\u00edrus-j\u00e1rv\u00e1ny megjelen\u00e9se \u00f3ta sz\u00e1mos alkalommal m\u0171k\u00f6d\u00f6tt k\u00f6zben a Magyar \u00d6kumenikus Seg\u00e9lyszervezet, illetve a K\u00fclgazdas\u00e1gi \u00e9s K\u00fcl\u00fcgyminiszt\u00e9rium \u00e1ltal biztos\u00edtott adom\u00e1nyok c\u00e9lba juttat\u00e1s\u00e1ban.<\/p><p>2020 \u00e1prilis\u00e1ban Magyarorsz\u00e1g Korm\u00e1nya \u00e1ltal felaj\u00e1nlott sz\u00e1ll\u00edtm\u00e1ny &#8211; 100 000 v\u00e9d\u0151maszk \u00e9s t\u00f6bb t\u00edzezer egy\u00e9b v\u00e9dekez\u00e9shez sz\u00fcks\u00e9ges eszk\u00f6z: v\u00e9d\u0151szem\u00fcvegek, v\u00e9d\u0151ruh\u00e1zatok \u00e9s fert\u0151tlen\u00edt\u0151szerek &#8211; \u00e9rkezett Budapestr\u0151l Beregsz\u00e1szba. A v\u00e9d\u0151felszerel\u00e9sek \u00e9s higi\u00e9n\u00e9s eszk\u00f6z\u00f6k kioszt\u00e1s\u00e1t az \u00d6kumenikus Seg\u00e9lyszervezet v\u00e9gezte. Az Ukrajna sz\u00e1mos r\u00e9gi\u00f3j\u00e1ban \u00e9vtizedek \u00f3ta humanit\u00e1rius \u00e9s fejleszt\u00e9si munk\u00e1t v\u00e9gz\u0151 szervezet a magyar K\u00fclgazdas\u00e1gi \u00e9s K\u00fcl\u00fcgyminiszt\u00e9rium felk\u00e9r\u00e9s\u00e9re v\u00e1llalta a seg\u00edts\u00e9g gyors c\u00e9lba juttat\u00e1s\u00e1t.<\/p><p>A Magyar \u00d6kumenikus Seg\u00e9lyszervezet m\u00e9g ugyanabban az \u00e9vben, 2020 okt\u00f3ber\u00e9ben Beregsz\u00e1szban adta \u00e1t a k\u00e1rp\u00e1taljai k\u00f3rh\u00e1zaknak a magyar korm\u00e1ny \u00e1ltal adom\u00e1nyozott l\u00e9legeztet\u0151g\u00e9peket. 2021 janu\u00e1rj\u00e1ban \u00fajabb nagy\u00e9rt\u00e9k\u0171 magyar adom\u00e1ny \u00e9rkezett; ez\u00fattal 50 db l\u00e9legeztet\u0151g\u00e9p melyek 10 megye 46 k\u00f3rh\u00e1z\u00e1ba ker\u00fcltek.<\/p>\t\t\t\t\t\t\t\t<\/div>\n\t\t\t\t<\/div>\n\t\t\t\t<div class=\"elementor-element elementor-element-635f0a2  animated fadeInDown duration2 elementor-widget elementor-widget-heading\" data-id=\"635f0a2\" data-element_type=\"widget\" data-widget_type=\"heading.default\">\n\t\t\t\t<div class=\"elementor-widget-container\">\n\t\t\t\t\t<h2 class=\"elementor-heading-title elementor-size-default\">Fot\u00f3gal\u00e9ria<\/h2>\t\t\t\t<\/div>\n\t\t\t\t<\/div>\n\t\t\t\t<div class=\"elementor-element elementor-element-6ef49e5  animated fadeInDown duration2 elementor-widget-divider--view-line elementor-widget elementor-widget-divider\" data-id=\"6ef49e5\" data-element_type=\"widget\" data-widget_type=\"divider.default\">\n\t\t\t\t<div class=\"elementor-widget-container\">\n\t\t\t\t\t\t\t<div class=\"elementor-divider\">\n\t\t\t<span class=\"elementor-divider-separator\">\n\t\t\t\t\t\t<\/span>\n\t\t<\/div>\n\t\t\t\t\t\t<\/div>\n\t\t\t\t<\/div>\n\t\t\t\t<div class=\"elementor-element elementor-element-85d9566 elementor-widget elementor-widget-image-gallery\" data-id=\"85d9566\" data-element_type=\"widget\" data-widget_type=\"image-gallery.default\">\n\t\t\t\t<div class=\"elementor-widget-container\">\n\t\t\t\t\t\t\t<div class=\"elementor-image-gallery\">\n\t\t\t<div id='gallery-1' class='gallery galleryid-926 gallery-columns-4 gallery-size-medium'><figure class='gallery-item'>\n\t\t\t<div class='gallery-icon landscape'>\n\t\t\t\t<a data-elementor-open-lightbox=\"yes\" data-elementor-lightbox-slideshow=\"85d9566\" data-elementor-lightbox-title=\"6P5A3812\" data-e-action-hash=\"#elementor-action%3Aaction%3Dlightbox%26settings%3DeyJpZCI6MjA5OSwidXJsIjoiaHR0cHM6XC9cL2FkdmFuY2VjZW50ci5vcmcudWFcL3dwLWNvbnRlbnRcL3VwbG9hZHNcLzIwMjFcLzExXC82UDVBMzgxMi5qcGciLCJzbGlkZXNob3ciOiI4NWQ5NTY2In0%3D\" href='https:\/\/advancecentr.org.ua\/wp-content\/uploads\/2021\/11\/6P5A3812.jpg'><img fetchpriority=\"high\" decoding=\"async\" width=\"300\" height=\"200\" src=\"https:\/\/advancecentr.org.ua\/wp-content\/uploads\/2021\/11\/6P5A3812-300x200.jpg\" class=\"attachment-medium size-medium\" alt=\"\" srcset=\"https:\/\/advancecentr.org.ua\/wp-content\/uploads\/2021\/11\/6P5A3812-300x200.jpg 300w, https:\/\/advancecentr.org.ua\/wp-content\/uploads\/2021\/11\/6P5A3812-1024x683.jpg 1024w, https:\/\/advancecentr.org.ua\/wp-content\/uploads\/2021\/11\/6P5A3812-768x512.jpg 768w, https:\/\/advancecentr.org.ua\/wp-content\/uploads\/2021\/11\/6P5A3812-1536x1024.jpg 1536w, https:\/\/advancecentr.org.ua\/wp-content\/uploads\/2021\/11\/6P5A3812.jpg 1600w\" sizes=\"(max-width: 300px) 100vw, 300px\" \/><\/a>\n\t\t\t<\/div><\/figure><figure class='gallery-item'>\n\t\t\t<div class='gallery-icon portrait'>\n\t\t\t\t<a data-elementor-open-lightbox=\"yes\" data-elementor-lightbox-slideshow=\"85d9566\" data-elementor-lightbox-title=\"\u00c9lelmiszeradom\u00e1ny nagycsal\u00e1dosoknak\" data-e-action-hash=\"#elementor-action%3Aaction%3Dlightbox%26settings%3DeyJpZCI6MjE1MSwidXJsIjoiaHR0cHM6XC9cL2FkdmFuY2VjZW50ci5vcmcudWFcL3dwLWNvbnRlbnRcL3VwbG9hZHNcLzIwMjFcLzExXC9FbGVsbWlzemVyYWRvbWFueS1uYWd5Y3NhbGFkb3Nva25hay1zY2FsZWQuanBnIiwic2xpZGVzaG93IjoiODVkOTU2NiJ9\" href='https:\/\/advancecentr.org.ua\/wp-content\/uploads\/2021\/11\/Elelmiszeradomany-nagycsaladosoknak-scaled.jpg'><img decoding=\"async\" width=\"200\" height=\"300\" src=\"https:\/\/advancecentr.org.ua\/wp-content\/uploads\/2021\/11\/Elelmiszeradomany-nagycsaladosoknak-200x300.jpg\" class=\"attachment-medium size-medium\" alt=\"\" srcset=\"https:\/\/advancecentr.org.ua\/wp-content\/uploads\/2021\/11\/Elelmiszeradomany-nagycsaladosoknak-200x300.jpg 200w, https:\/\/advancecentr.org.ua\/wp-content\/uploads\/2021\/11\/Elelmiszeradomany-nagycsaladosoknak-683x1024.jpg 683w, https:\/\/advancecentr.org.ua\/wp-content\/uploads\/2021\/11\/Elelmiszeradomany-nagycsaladosoknak-768x1152.jpg 768w, https:\/\/advancecentr.org.ua\/wp-content\/uploads\/2021\/11\/Elelmiszeradomany-nagycsaladosoknak-1024x1536.jpg 1024w, https:\/\/advancecentr.org.ua\/wp-content\/uploads\/2021\/11\/Elelmiszeradomany-nagycsaladosoknak-1365x2048.jpg 1365w, https:\/\/advancecentr.org.ua\/wp-content\/uploads\/2021\/11\/Elelmiszeradomany-nagycsaladosoknak-scaled.jpg 1067w\" sizes=\"(max-width: 200px) 100vw, 200px\" \/><\/a>\n\t\t\t<\/div><\/figure><figure class='gallery-item'>\n\t\t\t<div class='gallery-icon landscape'>\n\t\t\t\t<a data-elementor-open-lightbox=\"yes\" data-elementor-lightbox-slideshow=\"85d9566\" data-elementor-lightbox-title=\"OLYMPUS DIGITAL CAMERA\" data-e-action-hash=\"#elementor-action%3Aaction%3Dlightbox%26settings%3DeyJpZCI6MjE1NCwidXJsIjoiaHR0cHM6XC9cL2FkdmFuY2VjZW50ci5vcmcudWFcL3dwLWNvbnRlbnRcL3VwbG9hZHNcLzIwMjFcLzExXC9QMjA5NzEzMi0xLXNjYWxlZC5qcGciLCJzbGlkZXNob3ciOiI4NWQ5NTY2In0%3D\" href='https:\/\/advancecentr.org.ua\/wp-content\/uploads\/2021\/11\/P2097132-1-scaled.jpg'><img decoding=\"async\" width=\"300\" height=\"225\" src=\"https:\/\/advancecentr.org.ua\/wp-content\/uploads\/2021\/11\/P2097132-1-300x225.jpg\" class=\"attachment-medium size-medium\" alt=\"\" aria-describedby=\"gallery-1-2154\" srcset=\"https:\/\/advancecentr.org.ua\/wp-content\/uploads\/2021\/11\/P2097132-1-300x225.jpg 300w, https:\/\/advancecentr.org.ua\/wp-content\/uploads\/2021\/11\/P2097132-1-1024x768.jpg 1024w, https:\/\/advancecentr.org.ua\/wp-content\/uploads\/2021\/11\/P2097132-1-768x576.jpg 768w, https:\/\/advancecentr.org.ua\/wp-content\/uploads\/2021\/11\/P2097132-1-1536x1152.jpg 1536w, https:\/\/advancecentr.org.ua\/wp-content\/uploads\/2021\/11\/P2097132-1-2048x1536.jpg 2048w, https:\/\/advancecentr.org.ua\/wp-content\/uploads\/2021\/11\/P2097132-1-scaled.jpg 1600w\" sizes=\"(max-width: 300px) 100vw, 300px\" \/><\/a>\n\t\t\t<\/div>\n\t\t\t\t<figcaption class='wp-caption-text gallery-caption' id='gallery-1-2154'>\n\t\t\t\tOLYMPUS DIGITAL CAMERA\n\t\t\t\t<\/figcaption><\/figure>\n\t\t<\/div>\n\t\t<\/div>\n\t\t\t\t\t\t<\/div>\n\t\t\t\t<\/div>\n\t\t\t\t\t<\/div>\n\t\t<\/div>\n\t\t\t\t\t<\/div>\n\t\t<\/section>\n\t\t\t\t\t<\/div>\n\t\t<\/div>\n\t\t\t\t\t<\/div>\n\t\t<\/section>\n\t\t\t\t<\/div>\n\t\t","protected":false},"excerpt":{"rendered":"<p>Humanit\u00e1rius programok Legf\u0151bb c\u00e9lunk a neh\u00e9z \u00e9lethelyzetbe ker\u00fclt csal\u00e1dok seg\u00edt\u00e9se sokoldal\u00fa szoci\u00e1lis, humanit\u00e1rius \u00e9s egy\u00e9b t\u00e1mogat\u00e1s r\u00e9v\u00e9n. Alap\u00edt\u00e1sunk \u00f3ta sz\u00e1mos humanit\u00e1rius programban vett\u00fcnk r\u00e9szt, \u00e9s arra t\u00f6reksz\u00fcnk, hogy seg\u00edts\u00e9get ny\u00fajtsunk azoknak, akik r\u00e1szorulnak. Szervezet\u00fcnk a Magyar \u00d6kumenikus Seg\u00e9lyszervezet helyi partnerek\u00e9nt r\u00e9szt vett a k\u00e1rp\u00e1taljai \u00e1rv\u00edz k\u00f6vetkezm\u00e9nyeinek felsz\u00e1mol\u00e1s\u00e1ban 1998-ban \u00e9s 2001-ben. Seg\u00edts\u00e9get ny\u00fajtottunk a 2002-ben Lviv&#8230;<\/p>\n","protected":false},"author":1,"featured_media":0,"parent":0,"menu_order":0,"comment_status":"closed","ping_status":"closed","template":"elementor_header_footer","meta":{"_monsterinsights_skip_tracking":false,"_monsterinsights_sitenote_active":false,"_monsterinsights_sitenote_note":"","_monsterinsights_sitenote_category":0,"_kad_post_transparent":"default","_kad_post_title":"hide","_kad_post_layout":"fullwidth","_kad_post_sidebar_id":"","_kad_post_content_style":"unboxed","_kad_post_vertical_padding":"hide","_kad_post_feature":"hide","_kad_post_feature_position":"","_kad_post_header":false,"_kad_post_footer":false,"footnotes":""},"class_list":["post-926","page","type-page","status-publish","hentry"],"aioseo_notices":[],"_links":{"self":[{"href":"https:\/\/advancecentr.org.ua\/hu\/wp-json\/wp\/v2\/pages\/926","targetHints":{"allow":["GET"]}}],"collection":[{"href":"https:\/\/advancecentr.org.ua\/hu\/wp-json\/wp\/v2\/pages"}],"about":[{"href":"https:\/\/advancecentr.org.ua\/hu\/wp-json\/wp\/v2\/types\/page"}],"author":[{"embeddable":true,"href":"https:\/\/advancecentr.org.ua\/hu\/wp-json\/wp\/v2\/users\/1"}],"replies":[{"embeddable":true,"href":"https:\/\/advancecentr.org.ua\/hu\/wp-json\/wp\/v2\/comments?post=926"}],"version-history":[{"count":37,"href":"https:\/\/advancecentr.org.ua\/hu\/wp-json\/wp\/v2\/pages\/926\/revisions"}],"predecessor-version":[{"id":4437,"href":"https:\/\/advancecentr.org.ua\/hu\/wp-json\/wp\/v2\/pages\/926\/revisions\/4437"}],"wp:attachment":[{"href":"https:\/\/advancecentr.org.ua\/hu\/wp-json\/wp\/v2\/media?parent=926"}],"curies":[{"name":"wp","href":"https:\/\/api.w.org\/{rel}","templated":true}]}}