{"id":849,"date":"2021-06-28T09:42:28","date_gmt":"2021-06-28T09:42:28","guid":{"rendered":"https:\/\/advancecentr.org.ua\/?page_id=849"},"modified":"2025-05-06T08:28:04","modified_gmt":"2025-05-06T08:28:04","slug":"perspektiva-oktatokozpont","status":"publish","type":"page","link":"https:\/\/advancecentr.org.ua\/hu\/perspektiva-oktatokozpont\/","title":{"rendered":"Perspekt\u00edva Oktat\u00f3k\u00f6zpont"},"content":{"rendered":"\t\t<div data-elementor-type=\"wp-page\" data-elementor-id=\"849\" class=\"elementor elementor-849\">\n\t\t\t\t\t\t<section class=\"elementor-section elementor-top-section elementor-element elementor-element-b8f9922 elementor-section-boxed elementor-section-height-default elementor-section-height-default\" data-id=\"b8f9922\" data-element_type=\"section\">\n\t\t\t\t\t\t<div class=\"elementor-container elementor-column-gap-default\">\n\t\t\t\t\t<div class=\"elementor-column elementor-col-50 elementor-top-column elementor-element elementor-element-9439ac8\" data-id=\"9439ac8\" data-element_type=\"column\">\n\t\t\t<div class=\"elementor-widget-wrap elementor-element-populated\">\n\t\t\t\t\t\t<div class=\"elementor-element elementor-element-61e8d29 elementor-widget elementor-widget-spacer\" data-id=\"61e8d29\" data-element_type=\"widget\" data-widget_type=\"spacer.default\">\n\t\t\t\t<div class=\"elementor-widget-container\">\n\t\t\t\t\t\t\t<div class=\"elementor-spacer\">\n\t\t\t<div class=\"elementor-spacer-inner\"><\/div>\n\t\t<\/div>\n\t\t\t\t\t\t<\/div>\n\t\t\t\t<\/div>\n\t\t\t\t<div class=\"elementor-element elementor-element-3af1959 elementor-widget elementor-widget-heading\" data-id=\"3af1959\" data-element_type=\"widget\" data-widget_type=\"heading.default\">\n\t\t\t\t<div class=\"elementor-widget-container\">\n\t\t\t\t\t<h2 class=\"elementor-heading-title elementor-size-default\">\"Perspekt\u00edva\" Oktat\u00e1si K\u00f6zpont\n<\/h2>\t\t\t\t<\/div>\n\t\t\t\t<\/div>\n\t\t\t\t<div class=\"elementor-element elementor-element-015812b elementor-widget elementor-widget-text-editor\" data-id=\"015812b\" data-element_type=\"widget\" data-widget_type=\"text-editor.default\">\n\t\t\t\t<div class=\"elementor-widget-container\">\n\t\t\t\t\t\t\t\t\t<p>A \u201ePerspekt\u00edva\u201d Oktat\u00e1si K\u00f6zpontot 2005-ben hozt\u00e1k l\u00e9tre, hogy szakmai-technikai k\u00e9pz\u00e9st biztos\u00edtson a beregsz\u00e1szi \u00e9s Beregsz\u00e1szi j\u00e1r\u00e1sban \u00e9l\u0151 h\u00e1tr\u00e1nyos helyzet\u0171 t\u00e1rsadalmi r\u00e9tegek sz\u00e1m\u00e1ra. A k\u00f6zpont akkredit\u00e1ci\u00f3t szerzett a k\u00f6vetkez\u0151 szakm\u00e1kban: \u201eSz\u00e1m\u00edt\u00f3g\u00e9pes adatr\u00f6gz\u00edt\u0151\u201d, \u201eSzoci\u00e1lis munk\u00e1s\u201d, \u201eK\u00f6nyvel\u00e9si adatkezel\u0151\u201d.<\/p><p><br>A szoci\u00e1lis munk\u00e1sok szakmai k\u00e9pz\u00e9se \u00e9s fejleszt\u00e9se kulcsfontoss\u00e1g\u00fa, ez\u00e9rt a \u201ePerspekt\u00edva\u201d Oktat\u00e1si K\u00f6zpont keret\u00e9ben a Beregsz\u00e1szi j\u00e1r\u00e1s szoci\u00e1lis munk\u00e1sai szakmai oktat\u00e1sban r\u00e9szes\u00fcltek. A Beregsz\u00e1szi V\u00e1rosi \u00e9s J\u00e1r\u00e1si Foglalkoztat\u00e1si K\u00f6zpont megrendel\u00e9s\u00e9re a k\u00f6zpont k\u00e9pz\u00e9seket \u00e9s \u00e1tk\u00e9pz\u00e9seket biztos\u00edtott a munkan\u00e9lk\u00fcli lakoss\u00e1g sz\u00e1m\u00e1ra.<\/p><p><br>A \u201ePerspekt\u00edva\u201d Oktat\u00e1si K\u00f6zpont egy\u00fcttm\u0171k\u00f6dik a v\u00e1ros, j\u00e1r\u00e1s \u00e9s megye oktat\u00e1si int\u00e9zm\u00e9nyeivel, amelyek fels\u0151fok\u00fa k\u00e9pz\u00e9st \u00e9s szakmai el\u0151k\u00e9sz\u00edt\u00e9st biztos\u00edtanak, valamint magyarorsz\u00e1gi oktat\u00e1si int\u00e9zm\u00e9nyekkel. Alap\u00edt\u00e1sa \u00f3ta egy\u00fcttm\u0171k\u00f6dik a v\u00e1rosi \u00e9s j\u00e1r\u00e1si foglalkoztat\u00e1si k\u00f6zponttal, a v\u00e1rosi \u00e9s j\u00e1r\u00e1si oktat\u00e1si oszt\u00e1lyokkal, valamint a K\u00e1rp\u00e1taljai Szakoktat\u00e1si-M\u00f3dszertani K\u00f6zponttal<\/p>\t\t\t\t\t\t\t\t<\/div>\n\t\t\t\t<\/div>\n\t\t\t\t\t<\/div>\n\t\t<\/div>\n\t\t\t\t<div class=\"elementor-column elementor-col-50 elementor-top-column elementor-element elementor-element-02208e7\" data-id=\"02208e7\" data-element_type=\"column\">\n\t\t\t<div class=\"elementor-widget-wrap elementor-element-populated\">\n\t\t\t\t\t\t<div class=\"elementor-element elementor-element-6cc2bed elementor-widget elementor-widget-spacer\" data-id=\"6cc2bed\" data-element_type=\"widget\" data-widget_type=\"spacer.default\">\n\t\t\t\t<div class=\"elementor-widget-container\">\n\t\t\t\t\t\t\t<div class=\"elementor-spacer\">\n\t\t\t<div class=\"elementor-spacer-inner\"><\/div>\n\t\t<\/div>\n\t\t\t\t\t\t<\/div>\n\t\t\t\t<\/div>\n\t\t\t\t<div class=\"elementor-element elementor-element-3e2fd6a elementor-arrows-position-inside elementor-pagination-position-outside elementor-widget elementor-widget-image-carousel\" data-id=\"3e2fd6a\" data-element_type=\"widget\" data-settings=\"{&quot;slides_to_show&quot;:&quot;1&quot;,&quot;navigation&quot;:&quot;both&quot;,&quot;autoplay&quot;:&quot;yes&quot;,&quot;pause_on_hover&quot;:&quot;yes&quot;,&quot;pause_on_interaction&quot;:&quot;yes&quot;,&quot;autoplay_speed&quot;:5000,&quot;infinite&quot;:&quot;yes&quot;,&quot;effect&quot;:&quot;slide&quot;,&quot;speed&quot;:500}\" data-widget_type=\"image-carousel.default\">\n\t\t\t\t<div class=\"elementor-widget-container\">\n\t\t\t\t\t\t\t<div class=\"elementor-image-carousel-wrapper swiper\" role=\"region\" aria-roledescription=\"carousel\" aria-label=\"\u041a\u0430\u0440\u0443\u0441\u0435\u043b\u044c \u0437\u043e\u0431\u0440\u0430\u0436\u0435\u043d\u044c\" dir=\"ltr\">\n\t\t\t<div class=\"elementor-image-carousel swiper-wrapper\" aria-live=\"off\">\n\t\t\t\t\t\t\t\t<div class=\"swiper-slide\" role=\"group\" aria-roledescription=\"slide\" aria-label=\"1 \/ 3\"><figure class=\"swiper-slide-inner\"><img decoding=\"async\" class=\"swiper-slide-image\" src=\"https:\/\/advancecentr.org.ua\/wp-content\/uploads\/2025\/05\/DSC_1204-scaled-1.jpg\" alt=\"DSC_1204-scaled.jpg\" \/><\/figure><\/div><div class=\"swiper-slide\" role=\"group\" aria-roledescription=\"slide\" aria-label=\"2 \/ 3\"><figure class=\"swiper-slide-inner\"><img decoding=\"async\" class=\"swiper-slide-image\" src=\"https:\/\/advancecentr.org.ua\/wp-content\/uploads\/2025\/05\/DSC_1155-scaled-1.jpg\" alt=\"DSC_1155-scaled.jpg\" \/><\/figure><\/div><div class=\"swiper-slide\" role=\"group\" aria-roledescription=\"slide\" aria-label=\"3 \/ 3\"><figure class=\"swiper-slide-inner\"><img decoding=\"async\" class=\"swiper-slide-image\" src=\"https:\/\/advancecentr.org.ua\/wp-content\/uploads\/2025\/05\/DSC_1150-scaled-1.jpg\" alt=\"DSC_1150-scaled.jpg\" \/><\/figure><\/div>\t\t\t<\/div>\n\t\t\t\t\t\t\t\t\t\t\t\t<div class=\"elementor-swiper-button elementor-swiper-button-prev\" role=\"button\" tabindex=\"0\">\n\t\t\t\t\t\t<i aria-hidden=\"true\" class=\"eicon-chevron-left\"><\/i>\t\t\t\t\t<\/div>\n\t\t\t\t\t<div class=\"elementor-swiper-button elementor-swiper-button-next\" role=\"button\" tabindex=\"0\">\n\t\t\t\t\t\t<i aria-hidden=\"true\" class=\"eicon-chevron-right\"><\/i>\t\t\t\t\t<\/div>\n\t\t\t\t\n\t\t\t\t\t\t\t\t\t<div class=\"swiper-pagination\"><\/div>\n\t\t\t\t\t\t\t\t\t<\/div>\n\t\t\t\t\t\t<\/div>\n\t\t\t\t<\/div>\n\t\t\t\t\t<\/div>\n\t\t<\/div>\n\t\t\t\t\t<\/div>\n\t\t<\/section>\n\t\t\t\t<\/div>\n\t\t","protected":false},"excerpt":{"rendered":"<p>&#8222;Perspekt\u00edva&#8221; Oktat\u00e1si K\u00f6zpont A \u201ePerspekt\u00edva\u201d Oktat\u00e1si K\u00f6zpontot 2005-ben hozt\u00e1k l\u00e9tre, hogy szakmai-technikai k\u00e9pz\u00e9st biztos\u00edtson a beregsz\u00e1szi \u00e9s Beregsz\u00e1szi j\u00e1r\u00e1sban \u00e9l\u0151 h\u00e1tr\u00e1nyos helyzet\u0171 t\u00e1rsadalmi r\u00e9tegek sz\u00e1m\u00e1ra. A k\u00f6zpont akkredit\u00e1ci\u00f3t szerzett a k\u00f6vetkez\u0151 szakm\u00e1kban: \u201eSz\u00e1m\u00edt\u00f3g\u00e9pes adatr\u00f6gz\u00edt\u0151\u201d, \u201eSzoci\u00e1lis munk\u00e1s\u201d, \u201eK\u00f6nyvel\u00e9si adatkezel\u0151\u201d. A szoci\u00e1lis munk\u00e1sok szakmai k\u00e9pz\u00e9se \u00e9s fejleszt\u00e9se kulcsfontoss\u00e1g\u00fa, ez\u00e9rt a \u201ePerspekt\u00edva\u201d Oktat\u00e1si K\u00f6zpont keret\u00e9ben a Beregsz\u00e1szi j\u00e1r\u00e1s&#8230;<\/p>\n","protected":false},"author":1,"featured_media":0,"parent":0,"menu_order":0,"comment_status":"closed","ping_status":"closed","template":"elementor_header_footer","meta":{"_monsterinsights_skip_tracking":false,"_monsterinsights_sitenote_active":false,"_monsterinsights_sitenote_note":"","_monsterinsights_sitenote_category":0,"_kad_post_transparent":"default","_kad_post_title":"hide","_kad_post_layout":"fullwidth","_kad_post_sidebar_id":"","_kad_post_content_style":"unboxed","_kad_post_vertical_padding":"hide","_kad_post_feature":"hide","_kad_post_feature_position":"","_kad_post_header":false,"_kad_post_footer":false,"footnotes":""},"class_list":["post-849","page","type-page","status-publish","hentry"],"aioseo_notices":[],"_links":{"self":[{"href":"https:\/\/advancecentr.org.ua\/hu\/wp-json\/wp\/v2\/pages\/849","targetHints":{"allow":["GET"]}}],"collection":[{"href":"https:\/\/advancecentr.org.ua\/hu\/wp-json\/wp\/v2\/pages"}],"about":[{"href":"https:\/\/advancecentr.org.ua\/hu\/wp-json\/wp\/v2\/types\/page"}],"author":[{"embeddable":true,"href":"https:\/\/advancecentr.org.ua\/hu\/wp-json\/wp\/v2\/users\/1"}],"replies":[{"embeddable":true,"href":"https:\/\/advancecentr.org.ua\/hu\/wp-json\/wp\/v2\/comments?post=849"}],"version-history":[{"count":33,"href":"https:\/\/advancecentr.org.ua\/hu\/wp-json\/wp\/v2\/pages\/849\/revisions"}],"predecessor-version":[{"id":4391,"href":"https:\/\/advancecentr.org.ua\/hu\/wp-json\/wp\/v2\/pages\/849\/revisions\/4391"}],"wp:attachment":[{"href":"https:\/\/advancecentr.org.ua\/hu\/wp-json\/wp\/v2\/media?parent=849"}],"curies":[{"name":"wp","href":"https:\/\/api.w.org\/{rel}","templated":true}]}}