{"id":1488,"date":"2021-10-15T14:15:06","date_gmt":"2021-10-15T14:15:06","guid":{"rendered":"https:\/\/advancecentr.org.ua\/?page_id=1488"},"modified":"2025-05-07T10:34:43","modified_gmt":"2025-05-07T10:34:43","slug":"adomanyozas","status":"publish","type":"page","link":"https:\/\/advancecentr.org.ua\/hu\/adomanyozas\/","title":{"rendered":"Adom\u00e1nyoz\u00e1s"},"content":{"rendered":"\t\t<div data-elementor-type=\"wp-page\" data-elementor-id=\"1488\" class=\"elementor elementor-1488\">\n\t\t\t\t\t\t<section class=\"elementor-section elementor-top-section elementor-element elementor-element-4135d73 elementor-section-boxed elementor-section-height-default elementor-section-height-default\" data-id=\"4135d73\" data-element_type=\"section\" data-settings=\"{&quot;background_background&quot;:&quot;gradient&quot;}\">\n\t\t\t\t\t\t<div class=\"elementor-container elementor-column-gap-default\">\n\t\t\t\t\t<div class=\"elementor-column elementor-col-100 elementor-top-column elementor-element elementor-element-84389a2\" data-id=\"84389a2\" data-element_type=\"column\">\n\t\t\t<div class=\"elementor-widget-wrap elementor-element-populated\">\n\t\t\t\t\t\t<div class=\"elementor-element elementor-element-5f762201  animated fadeInUp delay1 duration1 eds-on-scroll  elementor-widget elementor-widget-text-editor\" data-id=\"5f762201\" data-element_type=\"widget\" data-widget_type=\"text-editor.default\">\n\t\t\t\t<div class=\"elementor-widget-container\">\n\t\t\t\t\t\t\t\t\t<p><\/p><p>Ha teheted, k\u00e9rj\u00fck t\u00e1mogasd adom\u00e1nyoddal az ADVANCE beregsz\u00e1szi k\u00f6zpontj\u00e1nak munk\u00e1j\u00e1t, hogy m\u00e9g t\u00f6bb csal\u00e1dot seg\u00edthess\u00fcnk \u00e9lelmiszerrel, t\u00fczif\u00e1val \u00e9s gyermekfejleszt\u0151 programokkal!<\/p><p><strong>Adom\u00e1nyoz\u00e1s k\u00fclf\u00f6ldr\u0151l<\/strong><\/p><p><strong>Kedvezm\u00e9nyezett:<\/strong> Blahodiinyi fond \u2018Zakarpatskyi tsentr rozvytku ta konsultatsii \u2018Edvans\u2019<\/p><p><strong>IBAN sz\u00e1mlasz\u00e1m:<\/strong> UA5230052800000 26007455012659<\/p><p><strong>Kedvezm\u00e9nyezett bankja:<\/strong> OTP Bank JSC, 43 Zhylyanska str., Kyiv, 01033<\/p><p><strong>SWIFT k\u00f3d:<\/strong> OTPVUAUK<\/p><p><strong>K\u00e9rj\u00fck, a k\u00f6zlem\u00e9nyrovatba \u00edrja be: j\u00f3t\u00e9konys\u00e1gi adom\u00e1ny \/ charitable donation.<\/strong><\/p><p><strong>Adom\u00e1nyoz\u00e1s belf\u00f6ldr\u0151l<\/strong><\/p><p><strong>C\u00edmzett:<\/strong> \u0411\u043b\u0430\u0433\u043e\u0434\u0456\u0439\u043d\u0438\u0439 \u0444\u043e\u043d\u0434 \u00ab\u0417\u0430\u043a\u0430\u0440\u043f\u0430\u0442\u0441\u044c\u043a\u0438\u0439 \u0446\u0435\u043d\u0442\u0440 \u0440\u043e\u0437\u0432\u0438\u0442\u043a\u0443 \u0442\u0430 \u043a\u043e\u043d\u0441\u0443\u043b\u044c\u0442\u0430\u0446\u0456\u0439 \u00ab\u0415\u0434\u0432\u0430\u043d\u0441\u00bb<\/p><p><strong>C\u00edmzett nyilv\u00e1ntart\u00e1si k\u00f3dja:<\/strong> 25446122<\/p><p><strong>Sz\u00e1mlasz\u00e1m:<\/strong> UA5230052800000 26007455012659<\/p><p><strong>Bank:<\/strong> \u0410\u0422 \u041e\u0422\u041f \u0411\u0430\u043d\u043a<\/p><p><strong>K\u00f6zlem\u00e9ny rovat:<\/strong> \u0431\u043b\u0430\u0433\u043e\u0434\u0456\u0439\u043d\u0438\u0439 \u0432\u043d\u0435\u0441\u043e\u043a<\/p><p><\/p>\t\t\t\t\t\t\t\t<\/div>\n\t\t\t\t<\/div>\n\t\t\t\t\t<\/div>\n\t\t<\/div>\n\t\t\t\t\t<\/div>\n\t\t<\/section>\n\t\t\t\t<\/div>\n\t\t","protected":false},"excerpt":{"rendered":"<p>Ha teheted, k\u00e9rj\u00fck t\u00e1mogasd adom\u00e1nyoddal az ADVANCE beregsz\u00e1szi k\u00f6zpontj\u00e1nak munk\u00e1j\u00e1t, hogy m\u00e9g t\u00f6bb csal\u00e1dot seg\u00edthess\u00fcnk \u00e9lelmiszerrel, t\u00fczif\u00e1val \u00e9s gyermekfejleszt\u0151 programokkal! Adom\u00e1nyoz\u00e1s k\u00fclf\u00f6ldr\u0151l Kedvezm\u00e9nyezett: Blahodiinyi fond \u2018Zakarpatskyi tsentr rozvytku ta konsultatsii \u2018Edvans\u2019 IBAN sz\u00e1mlasz\u00e1m: UA5230052800000 26007455012659 Kedvezm\u00e9nyezett bankja: OTP Bank JSC, 43 Zhylyanska str., Kyiv, 01033 SWIFT k\u00f3d: OTPVUAUK K\u00e9rj\u00fck, a k\u00f6zlem\u00e9nyrovatba \u00edrja be: j\u00f3t\u00e9konys\u00e1gi adom\u00e1ny&#8230;<\/p>\n","protected":false},"author":1,"featured_media":0,"parent":0,"menu_order":0,"comment_status":"closed","ping_status":"closed","template":"elementor_header_footer","meta":{"_monsterinsights_skip_tracking":false,"_monsterinsights_sitenote_active":false,"_monsterinsights_sitenote_note":"","_monsterinsights_sitenote_category":0,"_kad_post_transparent":"","_kad_post_title":"hide","_kad_post_layout":"fullwidth","_kad_post_sidebar_id":"","_kad_post_content_style":"unboxed","_kad_post_vertical_padding":"hide","_kad_post_feature":"hide","_kad_post_feature_position":"","_kad_post_header":false,"_kad_post_footer":false,"footnotes":""},"class_list":["post-1488","page","type-page","status-publish","hentry"],"aioseo_notices":[],"_links":{"self":[{"href":"https:\/\/advancecentr.org.ua\/hu\/wp-json\/wp\/v2\/pages\/1488","targetHints":{"allow":["GET"]}}],"collection":[{"href":"https:\/\/advancecentr.org.ua\/hu\/wp-json\/wp\/v2\/pages"}],"about":[{"href":"https:\/\/advancecentr.org.ua\/hu\/wp-json\/wp\/v2\/types\/page"}],"author":[{"embeddable":true,"href":"https:\/\/advancecentr.org.ua\/hu\/wp-json\/wp\/v2\/users\/1"}],"replies":[{"embeddable":true,"href":"https:\/\/advancecentr.org.ua\/hu\/wp-json\/wp\/v2\/comments?post=1488"}],"version-history":[{"count":12,"href":"https:\/\/advancecentr.org.ua\/hu\/wp-json\/wp\/v2\/pages\/1488\/revisions"}],"predecessor-version":[{"id":4568,"href":"https:\/\/advancecentr.org.ua\/hu\/wp-json\/wp\/v2\/pages\/1488\/revisions\/4568"}],"wp:attachment":[{"href":"https:\/\/advancecentr.org.ua\/hu\/wp-json\/wp\/v2\/media?parent=1488"}],"curies":[{"name":"wp","href":"https:\/\/api.w.org\/{rel}","templated":true}]}}