{"id":1471,"date":"2021-10-15T13:15:15","date_gmt":"2021-10-15T13:15:15","guid":{"rendered":"https:\/\/advancecentr.org.ua\/?page_id=1471"},"modified":"2022-03-11T17:27:04","modified_gmt":"2022-03-11T17:27:04","slug":"kozossegunk","status":"publish","type":"page","link":"https:\/\/advancecentr.org.ua\/hu\/kozossegunk\/","title":{"rendered":"K\u00f6z\u00f6ss\u00e9g\u00fcnk"},"content":{"rendered":"\t\t<div data-elementor-type=\"wp-page\" data-elementor-id=\"1471\" class=\"elementor elementor-1471\">\n\t\t\t\t\t\t<section class=\"elementor-section elementor-top-section elementor-element elementor-element-7f94212e elementor-section-height-min-height elementor-section-boxed elementor-section-height-default elementor-section-items-middle\" data-id=\"7f94212e\" data-element_type=\"section\" data-settings=\"{&quot;background_background&quot;:&quot;classic&quot;}\">\n\t\t\t\t\t\t\t<div class=\"elementor-background-overlay\"><\/div>\n\t\t\t\t\t\t\t<div class=\"elementor-container elementor-column-gap-default\">\n\t\t\t\t\t<div class=\"elementor-column elementor-col-50 elementor-top-column elementor-element elementor-element-4ed047b5\" data-id=\"4ed047b5\" data-element_type=\"column\">\n\t\t\t<div class=\"elementor-widget-wrap elementor-element-populated\">\n\t\t\t\t\t\t<section class=\"elementor-section elementor-inner-section elementor-element elementor-element-1e7c88fd elementor-section-full_width elementor-section-height-default elementor-section-height-default\" data-id=\"1e7c88fd\" data-element_type=\"section\" data-settings=\"{&quot;background_background&quot;:&quot;classic&quot;}\">\n\t\t\t\t\t\t<div class=\"elementor-container elementor-column-gap-default\">\n\t\t\t\t\t<div class=\"elementor-column elementor-col-100 elementor-inner-column elementor-element elementor-element-8ca0880\" data-id=\"8ca0880\" data-element_type=\"column\">\n\t\t\t<div class=\"elementor-widget-wrap elementor-element-populated\">\n\t\t\t\t\t\t<div class=\"elementor-element elementor-element-357a2ae7 elementor-widget elementor-widget-image\" data-id=\"357a2ae7\" data-element_type=\"widget\" data-widget_type=\"image.default\">\n\t\t\t\t<div class=\"elementor-widget-container\">\n\t\t\t\t\t\t\t\t\t\t\t\t\t\t\t<img fetchpriority=\"high\" decoding=\"async\" width=\"915\" height=\"485\" src=\"https:\/\/advancecentr.org.ua\/wp-content\/uploads\/2021\/06\/kapcsolat.jpg\" class=\"attachment-large size-large wp-image-633\" alt=\"\" srcset=\"https:\/\/advancecentr.org.ua\/wp-content\/uploads\/2021\/06\/kapcsolat.jpg 915w, https:\/\/advancecentr.org.ua\/wp-content\/uploads\/2021\/06\/kapcsolat-300x159.jpg 300w, https:\/\/advancecentr.org.ua\/wp-content\/uploads\/2021\/06\/kapcsolat-768x407.jpg 768w\" sizes=\"(max-width: 915px) 100vw, 915px\" \/>\t\t\t\t\t\t\t\t\t\t\t\t\t\t\t<\/div>\n\t\t\t\t<\/div>\n\t\t\t\t\t<\/div>\n\t\t<\/div>\n\t\t\t\t\t<\/div>\n\t\t<\/section>\n\t\t\t\t\t<\/div>\n\t\t<\/div>\n\t\t\t\t<div class=\"elementor-column elementor-col-50 elementor-top-column elementor-element elementor-element-7449c41a\" data-id=\"7449c41a\" data-element_type=\"column\">\n\t\t\t<div class=\"elementor-widget-wrap elementor-element-populated\">\n\t\t\t\t\t\t<section class=\"elementor-section elementor-inner-section elementor-element elementor-element-591ca2f9 elementor-section-full_width elementor-section-height-default elementor-section-height-default\" data-id=\"591ca2f9\" data-element_type=\"section\">\n\t\t\t\t\t\t\t<div class=\"elementor-background-overlay\"><\/div>\n\t\t\t\t\t\t\t<div class=\"elementor-container elementor-column-gap-default\">\n\t\t\t\t\t<div class=\"elementor-column elementor-col-100 elementor-inner-column elementor-element elementor-element-637ce06e\" data-id=\"637ce06e\" data-element_type=\"column\">\n\t\t\t<div class=\"elementor-widget-wrap elementor-element-populated\">\n\t\t\t\t\t\t<div class=\"elementor-element elementor-element-73db69bb  animated fadeInDown duration2 elementor-widget elementor-widget-heading\" data-id=\"73db69bb\" data-element_type=\"widget\" data-widget_type=\"heading.default\">\n\t\t\t\t<div class=\"elementor-widget-container\">\n\t\t\t\t\t<h2 class=\"elementor-heading-title elementor-size-default\">K\u00f6z\u00f6ss\u00e9g\u00fcnk<\/h2>\t\t\t\t<\/div>\n\t\t\t\t<\/div>\n\t\t\t\t<div class=\"elementor-element elementor-element-68abd5  animated fadeInDown duration1 elementor-widget-divider--view-line elementor-widget elementor-widget-divider\" data-id=\"68abd5\" data-element_type=\"widget\" data-widget_type=\"divider.default\">\n\t\t\t\t<div class=\"elementor-widget-container\">\n\t\t\t\t\t\t\t<div class=\"elementor-divider\">\n\t\t\t<span class=\"elementor-divider-separator\">\n\t\t\t\t\t\t<\/span>\n\t\t<\/div>\n\t\t\t\t\t\t<\/div>\n\t\t\t\t<\/div>\n\t\t\t\t<div class=\"elementor-element elementor-element-3943f665  animated fadeInUp delay1 duration1 eds-on-scroll  elementor-widget elementor-widget-text-editor\" data-id=\"3943f665\" data-element_type=\"widget\" data-widget_type=\"text-editor.default\">\n\t\t\t\t<div class=\"elementor-widget-container\">\n\t\t\t\t\t\t\t\t\t<p>K\u00f6z\u00f6ss\u00e9g\u00fcnk k\u00e9pzett szakemberekb\u0151l, lelkes t\u00e1mogat\u00f3kb\u00f3l \u00e9s \u00e1ldozatk\u00e9sz partnerekb\u0151l \u00e1ll, akiknek k\u00f6sz\u00f6nhet\u0151en a K\u00f6zpont t\u00f6bb, mint 20 \u00e9ve sikerrel v\u00e9gzi humanit\u00e1rius \u00e9s fejleszt\u00e9si tev\u00e9kenys\u00e9geit.<\/p><p>Igazgat\u00f3: Fischer M\u00e1ria<\/p>\t\t\t\t\t\t\t\t<\/div>\n\t\t\t\t<\/div>\n\t\t\t\t\t<\/div>\n\t\t<\/div>\n\t\t\t\t\t<\/div>\n\t\t<\/section>\n\t\t\t\t\t<\/div>\n\t\t<\/div>\n\t\t\t\t\t<\/div>\n\t\t<\/section>\n\t\t\t\t<section class=\"elementor-section elementor-top-section elementor-element elementor-element-71253211 elementor-section-height-min-height elementor-section-boxed elementor-section-height-default elementor-section-items-middle\" data-id=\"71253211\" data-element_type=\"section\" data-settings=\"{&quot;background_background&quot;:&quot;classic&quot;}\">\n\t\t\t\t\t\t\t<div class=\"elementor-background-overlay\"><\/div>\n\t\t\t\t\t\t\t<div class=\"elementor-container elementor-column-gap-default\">\n\t\t\t\t\t<div class=\"elementor-column elementor-col-100 elementor-top-column elementor-element elementor-element-68924c6d\" data-id=\"68924c6d\" data-element_type=\"column\">\n\t\t\t<div class=\"elementor-widget-wrap elementor-element-populated\">\n\t\t\t\t\t\t<section class=\"elementor-section elementor-inner-section elementor-element elementor-element-303178bd elementor-section-full_width elementor-section-height-default elementor-section-height-default\" data-id=\"303178bd\" data-element_type=\"section\">\n\t\t\t\t\t\t\t<div class=\"elementor-background-overlay\"><\/div>\n\t\t\t\t\t\t\t<div class=\"elementor-container elementor-column-gap-default\">\n\t\t\t\t\t<div class=\"elementor-column elementor-col-100 elementor-inner-column elementor-element elementor-element-6cdfbbcf\" data-id=\"6cdfbbcf\" data-element_type=\"column\">\n\t\t\t<div class=\"elementor-widget-wrap elementor-element-populated\">\n\t\t\t\t\t\t<div class=\"elementor-element elementor-element-51bf8dc0 elementor-widget elementor-widget-text-editor\" data-id=\"51bf8dc0\" data-element_type=\"widget\" data-widget_type=\"text-editor.default\">\n\t\t\t\t<div class=\"elementor-widget-container\">\n\t\t\t\t\t\t\t\t\t<p><strong><u>Partnerek:<\/u><\/strong><\/p><p>Magyar \u00d6kumenikus Seg\u00e9lyszervezet <a href=\"https:\/\/segelyszervezet.hu\/\">https:\/\/segelyszervezet.hu\/<\/a><\/p><p>HEKS &#8211; <a href=\"https:\/\/en.heks.ch\/\">https:\/\/en.heks.ch\/<\/a><\/p><p>Eur\u00f3pai Uni\u00f3 <a href=\"https:\/\/europa.eu\/\">https:\/\/europa.eu\/<\/a><\/p><p>Batory Foundation &#8211; <a href=\"https:\/\/www.batory.org.pl\/en\/\">https:\/\/www.batory.org.pl\/en\/<\/a><\/p><p>Magyarorsz\u00e1g K\u00fclgazdas\u00e1gi \u00e9s K\u00fcl\u00fcgyminiszt\u00e9riuma <a href=\"https:\/\/kormany.hu\/kulgazdasagi-es-kulugyminiszterium\">https:\/\/kormany.hu\/kulgazdasagi-es-kulugyminiszterium<\/a><\/p><p>APRODEV (Association of World Council of Churches related Development Organisations in Europe)<\/p><p>Corvinus Egyetem <a href=\"https:\/\/www.uni-corvinus.hu\/\">https:\/\/www.uni-corvinus.hu\/<\/a><\/p><p>PH International &#8211; <a href=\"https:\/\/www.ph-int.org\/\">https:\/\/www.ph-int.org\/<\/a><\/p><p>Project Harmony, Inc. Ukraine<\/p><p>USA Ukrajnai Nagyk\u00f6vets\u00e9ge <a href=\"https:\/\/ua.usembassy.gov\/\">https:\/\/ua.usembassy.gov\/<\/a><\/p><p>World Childhood Foundation &#8211; <a href=\"https:\/\/childhood.org\/about-childhood\/\">https:\/\/childhood.org\/about-childhood\/<\/a><\/p><p>Bethlen G\u00e1bor Alap &#8211; <a href=\"https:\/\/bgazrt.hu\">https:\/\/bgazrt.hu<\/a><\/p><p>Megyei Jog\u00fa V\u00e1rosok Sz\u00f6vets\u00e9ge <a href=\"http:\/\/www.mjvsz.hu\/\">http:\/\/www.mjvsz.hu\/<\/a><\/p><p>Beregsz\u00e1sz V\u00e1ros \u00d6nkorm\u00e1nyzata &#8211; <a href=\"http:\/\/beregovo-beregszasz.gov.ua\/ua\/\">http:\/\/beregovo-beregszasz.gov.ua\/ua\/<\/a><\/p><p>Beregsz\u00e1szi V\u00e1rosi Tan\u00e1cs Oktat\u00e1si \u00e9s Kultur\u00e1lis F\u0151oszt\u00e1lya &#8211; <a href=\"https:\/\/beregovo-dec.gov.ua\/\">https:\/\/beregovo-dec.gov.ua\/<\/a><\/p><p>Beregsz\u00e1szi J\u00e1r\u00e1si K\u00f6zigazgat\u00e1si Hivatal &#8211; <a href=\"https:\/\/bereg-rda.gov.ua\/\">https:\/\/bereg-rda.gov.ua\/<\/a><\/p><p>\u00a0<\/p><p>\u00a0<\/p><p><strong><u>Helyi v\u00e1llalkoz\u00f3k, akikkel kapcsolatban \u00e1llunk:<\/u><\/strong><\/p><p>Knobloch S\u00e1ndor<\/p><p>Danyilas Ihor<\/p><p>Kulikovszkij Halina<\/p><p>Popovics M\u00e1ria<\/p>\t\t\t\t\t\t\t\t<\/div>\n\t\t\t\t<\/div>\n\t\t\t\t<div class=\"elementor-element elementor-element-26eaeb73 elementor-widget elementor-widget-text-editor\" data-id=\"26eaeb73\" data-element_type=\"widget\" data-widget_type=\"text-editor.default\">\n\t\t\t\t<div class=\"elementor-widget-container\">\n\t\t\t\t\t\t\t\t\t<p>Tev\u00e9kenys\u00e9g\u00fcnket nyitotts\u00e1g \u00e9s az emberbar\u00e1ti elvekhez val\u00f3 ragaszkod\u00e1s szellem\u00e9ben v\u00e9gezz\u00fck. A Nemzetk\u00f6zi V\u00f6r\u00f6skereszt \u00e9s a V\u00f6r\u00f6s F\u00e9lhold \u00e1ltal k\u00f6z\u00f6sen kidolgozott, az ENSZ \u00e1ltal is elfogadott m\u0171k\u00f6d\u00e9si alapelvet k\u00f6vetve v\u00e9gezz\u00fck munk\u00e1nkat.<\/p><p>Tev\u00e9kenys\u00e9geink k\u00e9t f\u0151 ter\u00fclete:<\/p><ul><li>a h\u00e1tr\u00e1nyos helyzetben l\u00e9v\u0151k munkav\u00e1llal\u00e1si es\u00e9lyeinek n\u00f6vel\u00e9se, ez\u00e1ltal \u00e9letk\u00f6r\u00fclm\u00e9nyeik jav\u00edt\u00e1sa,<\/li><li>a k\u00e1rp\u00e1taljai civil szf\u00e9ra fejl\u0151d\u00e9s\u00e9nek el\u0151seg\u00edt\u00e9se<\/li><\/ul>\t\t\t\t\t\t\t\t<\/div>\n\t\t\t\t<\/div>\n\t\t\t\t\t<\/div>\n\t\t<\/div>\n\t\t\t\t\t<\/div>\n\t\t<\/section>\n\t\t\t\t\t<\/div>\n\t\t<\/div>\n\t\t\t\t\t<\/div>\n\t\t<\/section>\n\t\t\t\t<\/div>\n\t\t","protected":false},"excerpt":{"rendered":"<p>K\u00f6z\u00f6ss\u00e9g\u00fcnk K\u00f6z\u00f6ss\u00e9g\u00fcnk k\u00e9pzett szakemberekb\u0151l, lelkes t\u00e1mogat\u00f3kb\u00f3l \u00e9s \u00e1ldozatk\u00e9sz partnerekb\u0151l \u00e1ll, akiknek k\u00f6sz\u00f6nhet\u0151en a K\u00f6zpont t\u00f6bb, mint 20 \u00e9ve sikerrel v\u00e9gzi humanit\u00e1rius \u00e9s fejleszt\u00e9si tev\u00e9kenys\u00e9geit. Igazgat\u00f3: Fischer M\u00e1ria Partnerek: Magyar \u00d6kumenikus Seg\u00e9lyszervezet https:\/\/segelyszervezet.hu\/ HEKS &#8211; https:\/\/en.heks.ch\/ Eur\u00f3pai Uni\u00f3 https:\/\/europa.eu\/ Batory Foundation &#8211; https:\/\/www.batory.org.pl\/en\/ Magyarorsz\u00e1g K\u00fclgazdas\u00e1gi \u00e9s K\u00fcl\u00fcgyminiszt\u00e9riuma https:\/\/kormany.hu\/kulgazdasagi-es-kulugyminiszterium APRODEV (Association of World Council of Churches related&#8230;<\/p>\n","protected":false},"author":1,"featured_media":0,"parent":0,"menu_order":0,"comment_status":"closed","ping_status":"closed","template":"elementor_header_footer","meta":{"_monsterinsights_skip_tracking":false,"_monsterinsights_sitenote_active":false,"_monsterinsights_sitenote_note":"","_monsterinsights_sitenote_category":0,"_kad_post_transparent":"","_kad_post_title":"hide","_kad_post_layout":"fullwidth","_kad_post_sidebar_id":"","_kad_post_content_style":"unboxed","_kad_post_vertical_padding":"hide","_kad_post_feature":"hide","_kad_post_feature_position":"","_kad_post_header":false,"_kad_post_footer":false,"footnotes":""},"class_list":["post-1471","page","type-page","status-publish","hentry"],"aioseo_notices":[],"_links":{"self":[{"href":"https:\/\/advancecentr.org.ua\/hu\/wp-json\/wp\/v2\/pages\/1471","targetHints":{"allow":["GET"]}}],"collection":[{"href":"https:\/\/advancecentr.org.ua\/hu\/wp-json\/wp\/v2\/pages"}],"about":[{"href":"https:\/\/advancecentr.org.ua\/hu\/wp-json\/wp\/v2\/types\/page"}],"author":[{"embeddable":true,"href":"https:\/\/advancecentr.org.ua\/hu\/wp-json\/wp\/v2\/users\/1"}],"replies":[{"embeddable":true,"href":"https:\/\/advancecentr.org.ua\/hu\/wp-json\/wp\/v2\/comments?post=1471"}],"version-history":[{"count":9,"href":"https:\/\/advancecentr.org.ua\/hu\/wp-json\/wp\/v2\/pages\/1471\/revisions"}],"predecessor-version":[{"id":3254,"href":"https:\/\/advancecentr.org.ua\/hu\/wp-json\/wp\/v2\/pages\/1471\/revisions\/3254"}],"wp:attachment":[{"href":"https:\/\/advancecentr.org.ua\/hu\/wp-json\/wp\/v2\/media?parent=1471"}],"curies":[{"name":"wp","href":"https:\/\/api.w.org\/{rel}","templated":true}]}}