{"id":1461,"date":"2021-10-15T13:11:32","date_gmt":"2021-10-15T13:11:32","guid":{"rendered":"https:\/\/advancecentr.org.ua\/?page_id=1461"},"modified":"2022-03-11T17:25:59","modified_gmt":"2022-03-11T17:25:59","slug":"atlathatosag","status":"publish","type":"page","link":"https:\/\/advancecentr.org.ua\/hu\/atlathatosag\/","title":{"rendered":"\u00c1tl\u00e1that\u00f3s\u00e1g"},"content":{"rendered":"\t\t<div data-elementor-type=\"wp-page\" data-elementor-id=\"1461\" class=\"elementor elementor-1461\">\n\t\t\t\t\t\t<section class=\"elementor-section elementor-top-section elementor-element elementor-element-3205e898 elementor-section-height-min-height elementor-section-boxed elementor-section-height-default elementor-section-items-middle\" data-id=\"3205e898\" data-element_type=\"section\" data-settings=\"{&quot;background_background&quot;:&quot;classic&quot;}\">\n\t\t\t\t\t\t\t<div class=\"elementor-background-overlay\"><\/div>\n\t\t\t\t\t\t\t<div class=\"elementor-container elementor-column-gap-default\">\n\t\t\t\t\t<div class=\"elementor-column elementor-col-100 elementor-top-column elementor-element elementor-element-1b2b87c0\" data-id=\"1b2b87c0\" data-element_type=\"column\">\n\t\t\t<div class=\"elementor-widget-wrap elementor-element-populated\">\n\t\t\t\t\t\t<section class=\"elementor-section elementor-inner-section elementor-element elementor-element-3c55be74 elementor-section-full_width elementor-section-height-default elementor-section-height-default\" data-id=\"3c55be74\" data-element_type=\"section\">\n\t\t\t\t\t\t\t<div class=\"elementor-background-overlay\"><\/div>\n\t\t\t\t\t\t\t<div class=\"elementor-container elementor-column-gap-default\">\n\t\t\t\t\t<div class=\"elementor-column elementor-col-100 elementor-inner-column elementor-element elementor-element-7a2d98df\" data-id=\"7a2d98df\" data-element_type=\"column\">\n\t\t\t<div class=\"elementor-widget-wrap elementor-element-populated\">\n\t\t\t\t\t\t<div class=\"elementor-element elementor-element-11a46eea  animated fadeInDown duration2 elementor-widget elementor-widget-heading\" data-id=\"11a46eea\" data-element_type=\"widget\" data-widget_type=\"heading.default\">\n\t\t\t\t<div class=\"elementor-widget-container\">\n\t\t\t\t\t<h2 class=\"elementor-heading-title elementor-size-default\">\u00c1tl\u00e1that\u00f3s\u00e1g<\/h2>\t\t\t\t<\/div>\n\t\t\t\t<\/div>\n\t\t\t\t<div class=\"elementor-element elementor-element-71073d02  animated fadeInDown duration1 elementor-widget-divider--view-line elementor-widget elementor-widget-divider\" data-id=\"71073d02\" data-element_type=\"widget\" data-widget_type=\"divider.default\">\n\t\t\t\t<div class=\"elementor-widget-container\">\n\t\t\t\t\t\t\t<div class=\"elementor-divider\">\n\t\t\t<span class=\"elementor-divider-separator\">\n\t\t\t\t\t\t<\/span>\n\t\t<\/div>\n\t\t\t\t\t\t<\/div>\n\t\t\t\t<\/div>\n\t\t\t\t<div class=\"elementor-element elementor-element-5b97f8a  animated fadeInUp delay1 duration1 eds-on-scroll  elementor-widget elementor-widget-text-editor\" data-id=\"5b97f8a\" data-element_type=\"widget\" data-widget_type=\"text-editor.default\">\n\t\t\t\t<div class=\"elementor-widget-container\">\n\t\t\t\t\t\t\t\t\t<p style=\"text-align: center;\">Az \u00e1tl\u00e1that\u00f3s\u00e1g jegy\u00e9ben az adom\u00e1nyok felhaszn\u00e1l\u00e1sr\u00f3l r\u00e9szletes elsz\u00e1mol\u00e1st k\u00e9sz\u00edt\u00fcnk, tev\u00e9kenys\u00e9ginket pedig \u00e9ves besz\u00e1mol\u00f3kban ismertetj\u00fck.<\/p>\t\t\t\t\t\t\t\t<\/div>\n\t\t\t\t<\/div>\n\t\t\t\t\t<\/div>\n\t\t<\/div>\n\t\t\t\t\t<\/div>\n\t\t<\/section>\n\t\t\t\t\t<\/div>\n\t\t<\/div>\n\t\t\t\t\t<\/div>\n\t\t<\/section>\n\t\t\t\t<\/div>\n\t\t","protected":false},"excerpt":{"rendered":"<p>\u00c1tl\u00e1that\u00f3s\u00e1g Az \u00e1tl\u00e1that\u00f3s\u00e1g jegy\u00e9ben az adom\u00e1nyok felhaszn\u00e1l\u00e1sr\u00f3l r\u00e9szletes elsz\u00e1mol\u00e1st k\u00e9sz\u00edt\u00fcnk, tev\u00e9kenys\u00e9ginket pedig \u00e9ves besz\u00e1mol\u00f3kban ismertetj\u00fck.<\/p>\n","protected":false},"author":1,"featured_media":0,"parent":0,"menu_order":0,"comment_status":"closed","ping_status":"closed","template":"elementor_header_footer","meta":{"_monsterinsights_skip_tracking":false,"_monsterinsights_sitenote_active":false,"_monsterinsights_sitenote_note":"","_monsterinsights_sitenote_category":0,"_kad_post_transparent":"","_kad_post_title":"hide","_kad_post_layout":"fullwidth","_kad_post_sidebar_id":"","_kad_post_content_style":"unboxed","_kad_post_vertical_padding":"hide","_kad_post_feature":"hide","_kad_post_feature_position":"","_kad_post_header":false,"_kad_post_footer":false,"footnotes":""},"class_list":["post-1461","page","type-page","status-publish","hentry"],"aioseo_notices":[],"_links":{"self":[{"href":"https:\/\/advancecentr.org.ua\/hu\/wp-json\/wp\/v2\/pages\/1461","targetHints":{"allow":["GET"]}}],"collection":[{"href":"https:\/\/advancecentr.org.ua\/hu\/wp-json\/wp\/v2\/pages"}],"about":[{"href":"https:\/\/advancecentr.org.ua\/hu\/wp-json\/wp\/v2\/types\/page"}],"author":[{"embeddable":true,"href":"https:\/\/advancecentr.org.ua\/hu\/wp-json\/wp\/v2\/users\/1"}],"replies":[{"embeddable":true,"href":"https:\/\/advancecentr.org.ua\/hu\/wp-json\/wp\/v2\/comments?post=1461"}],"version-history":[{"count":6,"href":"https:\/\/advancecentr.org.ua\/hu\/wp-json\/wp\/v2\/pages\/1461\/revisions"}],"predecessor-version":[{"id":3248,"href":"https:\/\/advancecentr.org.ua\/hu\/wp-json\/wp\/v2\/pages\/1461\/revisions\/3248"}],"wp:attachment":[{"href":"https:\/\/advancecentr.org.ua\/hu\/wp-json\/wp\/v2\/media?parent=1461"}],"curies":[{"name":"wp","href":"https:\/\/api.w.org\/{rel}","templated":true}]}}