{"id":1427,"date":"2021-10-15T11:44:18","date_gmt":"2021-10-15T11:44:18","guid":{"rendered":"https:\/\/advancecentr.org.ua\/?page_id=1427"},"modified":"2022-03-11T17:24:37","modified_gmt":"2022-03-11T17:24:37","slug":"rolunk","status":"publish","type":"page","link":"https:\/\/advancecentr.org.ua\/hu\/rolunk\/","title":{"rendered":"R\u00f3lunk"},"content":{"rendered":"\t\t<div data-elementor-type=\"wp-page\" data-elementor-id=\"1427\" class=\"elementor elementor-1427\">\n\t\t\t\t\t\t<section class=\"elementor-section elementor-top-section elementor-element elementor-element-5a728350 elementor-section-height-min-height elementor-section-boxed elementor-section-height-default elementor-section-items-middle\" data-id=\"5a728350\" data-element_type=\"section\" data-settings=\"{&quot;background_background&quot;:&quot;classic&quot;}\">\n\t\t\t\t\t\t\t<div class=\"elementor-background-overlay\"><\/div>\n\t\t\t\t\t\t\t<div class=\"elementor-container elementor-column-gap-default\">\n\t\t\t\t\t<div class=\"elementor-column elementor-col-50 elementor-top-column elementor-element elementor-element-712ec3dd\" data-id=\"712ec3dd\" data-element_type=\"column\">\n\t\t\t<div class=\"elementor-widget-wrap elementor-element-populated\">\n\t\t\t\t\t\t<section class=\"elementor-section elementor-inner-section elementor-element elementor-element-5f95dc1b elementor-section-full_width elementor-section-height-default elementor-section-height-default\" data-id=\"5f95dc1b\" data-element_type=\"section\" data-settings=\"{&quot;background_background&quot;:&quot;classic&quot;}\">\n\t\t\t\t\t\t<div class=\"elementor-container elementor-column-gap-default\">\n\t\t\t\t\t<div class=\"elementor-column elementor-col-100 elementor-inner-column elementor-element elementor-element-12bdc520\" data-id=\"12bdc520\" data-element_type=\"column\">\n\t\t\t<div class=\"elementor-widget-wrap elementor-element-populated\">\n\t\t\t\t\t\t<div class=\"elementor-element elementor-element-5fa4fd87 elementor-widget elementor-widget-image\" data-id=\"5fa4fd87\" data-element_type=\"widget\" data-widget_type=\"image.default\">\n\t\t\t\t<div class=\"elementor-widget-container\">\n\t\t\t\t\t\t\t\t\t\t\t\t\t\t\t<img fetchpriority=\"high\" decoding=\"async\" width=\"915\" height=\"485\" src=\"https:\/\/advancecentr.org.ua\/wp-content\/uploads\/2021\/06\/kapcsolat.jpg\" class=\"attachment-large size-large wp-image-633\" alt=\"\" srcset=\"https:\/\/advancecentr.org.ua\/wp-content\/uploads\/2021\/06\/kapcsolat.jpg 915w, https:\/\/advancecentr.org.ua\/wp-content\/uploads\/2021\/06\/kapcsolat-300x159.jpg 300w, https:\/\/advancecentr.org.ua\/wp-content\/uploads\/2021\/06\/kapcsolat-768x407.jpg 768w\" sizes=\"(max-width: 915px) 100vw, 915px\" \/>\t\t\t\t\t\t\t\t\t\t\t\t\t\t\t<\/div>\n\t\t\t\t<\/div>\n\t\t\t\t\t<\/div>\n\t\t<\/div>\n\t\t\t\t\t<\/div>\n\t\t<\/section>\n\t\t\t\t\t<\/div>\n\t\t<\/div>\n\t\t\t\t<div class=\"elementor-column elementor-col-50 elementor-top-column elementor-element elementor-element-72f46b56\" data-id=\"72f46b56\" data-element_type=\"column\">\n\t\t\t<div class=\"elementor-widget-wrap elementor-element-populated\">\n\t\t\t\t\t\t<section class=\"elementor-section elementor-inner-section elementor-element elementor-element-45b96aff elementor-section-full_width elementor-section-height-default elementor-section-height-default\" data-id=\"45b96aff\" data-element_type=\"section\">\n\t\t\t\t\t\t\t<div class=\"elementor-background-overlay\"><\/div>\n\t\t\t\t\t\t\t<div class=\"elementor-container elementor-column-gap-default\">\n\t\t\t\t\t<div class=\"elementor-column elementor-col-100 elementor-inner-column elementor-element elementor-element-5018461f\" data-id=\"5018461f\" data-element_type=\"column\">\n\t\t\t<div class=\"elementor-widget-wrap elementor-element-populated\">\n\t\t\t\t\t\t<div class=\"elementor-element elementor-element-6b967a2  animated fadeInDown duration2 elementor-widget elementor-widget-heading\" data-id=\"6b967a2\" data-element_type=\"widget\" data-widget_type=\"heading.default\">\n\t\t\t\t<div class=\"elementor-widget-container\">\n\t\t\t\t\t<h2 class=\"elementor-heading-title elementor-size-default\">R\u00f3lunk<\/h2>\t\t\t\t<\/div>\n\t\t\t\t<\/div>\n\t\t\t\t<div class=\"elementor-element elementor-element-7d96e4f4  animated fadeInDown duration1 elementor-widget-divider--view-line elementor-widget elementor-widget-divider\" data-id=\"7d96e4f4\" data-element_type=\"widget\" data-widget_type=\"divider.default\">\n\t\t\t\t<div class=\"elementor-widget-container\">\n\t\t\t\t\t\t\t<div class=\"elementor-divider\">\n\t\t\t<span class=\"elementor-divider-separator\">\n\t\t\t\t\t\t<\/span>\n\t\t<\/div>\n\t\t\t\t\t\t<\/div>\n\t\t\t\t<\/div>\n\t\t\t\t<div class=\"elementor-element elementor-element-64092aea  animated fadeInUp delay1 duration1 eds-on-scroll  elementor-widget elementor-widget-text-editor\" data-id=\"64092aea\" data-element_type=\"widget\" data-widget_type=\"text-editor.default\">\n\t\t\t\t<div class=\"elementor-widget-container\">\n\t\t\t\t\t\t\t\t\t<p>Az ADVANCE K\u00e1rp\u00e1taljai Tan\u00e1csad\u00f3 \u00e9s Fejleszt\u0151 K\u00f6zpont 2000-ben alakult meg a Magyar \u00d6kumenikus Seg\u00e9lyszervezet, a Sv\u00e1jci Protest\u00e1ns Seg\u00e9lyszervezet (HEKS) \u00e9s ukrajnai mag\u00e1nszem\u00e9lyek \u00f6sszefog\u00e1s\u00e1nak eredm\u00e9nyek\u00e9pp. C\u00e9lunk, hogy szoci\u00e1lis, oktat\u00e1si \u00e9s humanit\u00e1rius programok v\u00e9grehajt\u00e1sa \u00fatj\u00e1n jobb k\u00f6r\u00fclm\u00e9nyeket biztos\u00edtsunk neh\u00e9zsors\u00fa csal\u00e1dok \u00e9s gyermekek sz\u00e1m\u00e1ra.<\/p>\n<p><\/p>\t\t\t\t\t\t\t\t<\/div>\n\t\t\t\t<\/div>\n\t\t\t\t\t<\/div>\n\t\t<\/div>\n\t\t\t\t\t<\/div>\n\t\t<\/section>\n\t\t\t\t\t<\/div>\n\t\t<\/div>\n\t\t\t\t\t<\/div>\n\t\t<\/section>\n\t\t\t\t<section class=\"elementor-section elementor-top-section elementor-element elementor-element-609f832e elementor-section-height-min-height elementor-section-boxed elementor-section-height-default elementor-section-items-middle\" data-id=\"609f832e\" data-element_type=\"section\" data-settings=\"{&quot;background_background&quot;:&quot;classic&quot;}\">\n\t\t\t\t\t\t\t<div class=\"elementor-background-overlay\"><\/div>\n\t\t\t\t\t\t\t<div class=\"elementor-container elementor-column-gap-default\">\n\t\t\t\t\t<div class=\"elementor-column elementor-col-100 elementor-top-column elementor-element elementor-element-4fec03a2\" data-id=\"4fec03a2\" data-element_type=\"column\">\n\t\t\t<div class=\"elementor-widget-wrap elementor-element-populated\">\n\t\t\t\t\t\t<section class=\"elementor-section elementor-inner-section elementor-element elementor-element-101247bd elementor-section-full_width elementor-section-height-default elementor-section-height-default\" data-id=\"101247bd\" data-element_type=\"section\">\n\t\t\t\t\t\t\t<div class=\"elementor-background-overlay\"><\/div>\n\t\t\t\t\t\t\t<div class=\"elementor-container elementor-column-gap-default\">\n\t\t\t\t\t<div class=\"elementor-column elementor-col-100 elementor-inner-column elementor-element elementor-element-548b43b4\" data-id=\"548b43b4\" data-element_type=\"column\">\n\t\t\t<div class=\"elementor-widget-wrap elementor-element-populated\">\n\t\t\t\t\t\t<div class=\"elementor-element elementor-element-bff3bc1 elementor-widget elementor-widget-text-editor\" data-id=\"bff3bc1\" data-element_type=\"widget\" data-widget_type=\"text-editor.default\">\n\t\t\t\t<div class=\"elementor-widget-container\">\n\t\t\t\t\t\t\t\t\t<p>Tev\u00e9kenys\u00e9g\u00fcnket nyitotts\u00e1g \u00e9s az emberbar\u00e1ti elvekhez val\u00f3 ragaszkod\u00e1s szellem\u00e9ben v\u00e9gezz\u00fck. A Nemzetk\u00f6zi V\u00f6r\u00f6skereszt \u00e9s a V\u00f6r\u00f6s F\u00e9lhold \u00e1ltal k\u00f6z\u00f6sen kidolgozott, az ENSZ \u00e1ltal is elfogadott m\u0171k\u00f6d\u00e9si alapelvet k\u00f6vetve v\u00e9gezz\u00fck munk\u00e1nkat.<\/p><p>Tev\u00e9kenys\u00e9geink f\u0151 ter\u00fcletei:<\/p><p style=\"text-indent: -18.0pt; mso-list: l0 level1 lfo1;\">\u00a0<\/p><p style=\"text-indent: -18.0pt; mso-list: l0 level1 lfo1;\"><span style=\"font-family: Symbol; mso-fareast-font-family: Symbol; mso-bidi-font-family: Symbol;\"><span style=\"font-variant-numeric: normal; font-variant-east-asian: normal; font-stretch: normal; font-size: 7pt; line-height: normal; font-family: 'Times New Roman';\">\u00a0 \u00a0 \u00a0 \u00a0\u00a0<\/span><\/span><span style=\"font-family: Symbol;\">\u00b7\u00a0<\/span><span style=\"text-indent: -18pt;\">a k\u00e1rp\u00e1taljai civil szf\u00e9ra fejl\u0151d\u00e9s\u00e9nek el\u0151seg\u00edt\u00e9se,<\/span><\/p><p style=\"text-indent: -18.0pt; mso-list: l0 level1 lfo1;\"><span style=\"font-family: Symbol; mso-fareast-font-family: Symbol; mso-bidi-font-family: Symbol;\"><span style=\"font-variant-numeric: normal; font-variant-east-asian: normal; font-stretch: normal; font-size: 7pt; line-height: normal; font-family: 'Times New Roman';\">\u00a0 \u00a0 \u00a0 \u00a0\u00a0<\/span><\/span><span style=\"font-family: Symbol;\">\u00b7\u00a0<\/span><span style=\"text-indent: -18pt;\">humanit\u00e1rius seg\u00edts\u00e9gny\u00fajt\u00e1s v\u00e1ls\u00e1ghelyzetekben,<\/span><\/p><p style=\"text-indent: -18.0pt; mso-list: l0 level1 lfo1;\"><span style=\"font-family: Symbol; mso-fareast-font-family: Symbol; mso-bidi-font-family: Symbol;\"><span style=\"font-variant-numeric: normal; font-variant-east-asian: normal; font-stretch: normal; font-size: 7pt; line-height: normal; font-family: 'Times New Roman';\">\u00a0 \u00a0 \u00a0 \u00a0\u00a0<\/span><\/span><span style=\"font-family: Symbol;\">\u00b7\u00a0<\/span><span style=\"text-indent: -18pt;\">felz\u00e1rk\u00f3ztat\u00f3 \u00e9s fejleszt\u0151 programok gyermekek sz\u00e1m\u00e1ra,<\/span><\/p><p style=\"text-indent: -18.0pt; mso-list: l0 level1 lfo1;\"><span style=\"font-family: Symbol; mso-fareast-font-family: Symbol; mso-bidi-font-family: Symbol;\"><span style=\"font-variant-numeric: normal; font-variant-east-asian: normal; font-stretch: normal; font-size: 7pt; line-height: normal; font-family: 'Times New Roman';\">\u00a0 \u00a0 \u00a0 \u00a0\u00a0<\/span><\/span><span style=\"font-family: Symbol;\">\u00b7\u00a0<\/span><span style=\"text-indent: -18pt;\">t\u00e1mogat\u00e1s \u00e9s es\u00e9lyegyenl\u0151s\u00e9g biztos\u00edt\u00e1sa azok sz\u00e1m\u00e1ra, akik t\u00e1rsadalmi, gazdas\u00e1gi vagy szoci\u00e1lis okok miatt h\u00e1tr\u00e1nyos helyzetbe ker\u00fcltek<\/span><\/p>\t\t\t\t\t\t\t\t<\/div>\n\t\t\t\t<\/div>\n\t\t\t\t<div class=\"elementor-element elementor-element-f9b530e elementor-widget elementor-widget-text-editor\" data-id=\"f9b530e\" data-element_type=\"widget\" data-widget_type=\"text-editor.default\">\n\t\t\t\t<div class=\"elementor-widget-container\">\n\t\t\t\t\t\t\t\t\t<p>K\u00f6z\u00f6ss\u00e9g\u00fcnk k\u00e9pzett szakemberekb\u0151l, lelkes t\u00e1mogat\u00f3kb\u00f3l \u00e9s \u00e1ldozatk\u00e9sz partnerekb\u0151l \u00e1ll, akiknek k\u00f6sz\u00f6nhet\u0151en a K\u00f6zpont t\u00f6bb, mint 20 \u00e9ve sikerrel v\u00e9gzi humanit\u00e1rius \u00e9s fejleszt\u00e9si tev\u00e9kenys\u00e9geit.<\/p><p>Igazgat\u00f3: Fischer M\u00e1ria<\/p><p><u>Partnerek:<\/u><\/p><p>Magyar \u00d6kumenikus Seg\u00e9lyszervezet <a href=\"https:\/\/segelyszervezet.hu\/\">https:\/\/segelyszervezet.hu\/<\/a><\/p><p>HEKS &#8211; <a href=\"https:\/\/en.heks.ch\/\">https:\/\/en.heks.ch\/<\/a><\/p><p>Eur\u00f3pai Uni\u00f3 <a href=\"https:\/\/europa.eu\/\">https:\/\/europa.eu\/<\/a><\/p><p>Batory Foundation &#8211; <a href=\"https:\/\/www.batory.org.pl\/en\/\">https:\/\/www.batory.org.pl\/en\/<\/a><\/p><p>Magyarorsz\u00e1g K\u00fclgazdas\u00e1gi \u00e9s K\u00fcl\u00fcgyminiszt\u00e9riuma <a href=\"https:\/\/kormany.hu\/kulgazdasagi-es-kulugyminiszterium\">https:\/\/kormany.hu\/kulgazdasagi-es-kulugyminiszterium<\/a><\/p><p>APRODEV (Association of World Council of Churches related Development Organisations in Europe)<\/p><p>Corvinus Egyetem <a href=\"https:\/\/www.uni-corvinus.hu\/\">https:\/\/www.uni-corvinus.hu\/<\/a><\/p><p>PH International &#8211; <a href=\"https:\/\/www.ph-int.org\/\">https:\/\/www.ph-int.org\/<\/a><\/p><p>Project Harmony, Inc. Ukraine<\/p><p>USA Ukrajnai Nagyk\u00f6vets\u00e9ge <a href=\"https:\/\/ua.usembassy.gov\/\">https:\/\/ua.usembassy.gov\/<\/a><\/p><p>World Childhood Foundation &#8211; <a href=\"https:\/\/childhood.org\/about-childhood\/\">https:\/\/childhood.org\/about-childhood\/<\/a><\/p><p>Bethlen G\u00e1bor Alap &#8211; <a href=\"https:\/\/bgazrt.hu\">https:\/\/bgazrt.hu<\/a><\/p><p>Megyei Jog\u00fa V\u00e1rosok Sz\u00f6vets\u00e9ge <a href=\"http:\/\/www.mjvsz.hu\/\">http:\/\/www.mjvsz.hu\/<\/a><\/p><p>Beregsz\u00e1sz V\u00e1ros \u00d6nkorm\u00e1nyzata &#8211; <a href=\"http:\/\/beregovo-beregszasz.gov.ua\/ua\/\">http:\/\/beregovo-beregszasz.gov.ua\/ua\/<\/a><\/p><p>Beregsz\u00e1szi V\u00e1rosi Tan\u00e1cs Oktat\u00e1si \u00e9s Kultur\u00e1lis F\u0151oszt\u00e1lya &#8211; <a href=\"https:\/\/beregovo-dec.gov.ua\/\">https:\/\/beregovo-dec.gov.ua\/<\/a><\/p><p>Beregsz\u00e1szi J\u00e1r\u00e1si K\u00f6zigazgat\u00e1si Hivatal &#8211; <a href=\"https:\/\/bereg-rda.gov.ua\/\">https:\/\/bereg-rda.gov.ua\/<\/a><\/p><p><u>Helyi v\u00e1llalkoz\u00f3k, akikkel kapcsolatban \u00e1llunk:<\/u><\/p><p>Knobloch S\u00e1ndor<\/p><p>Danyilas Ihor<\/p><p>Kulikovszkij Halina<\/p><p>Popovics M\u00e1ria<\/p>\t\t\t\t\t\t\t\t<\/div>\n\t\t\t\t<\/div>\n\t\t\t\t\t<\/div>\n\t\t<\/div>\n\t\t\t\t\t<\/div>\n\t\t<\/section>\n\t\t\t\t\t<\/div>\n\t\t<\/div>\n\t\t\t\t\t<\/div>\n\t\t<\/section>\n\t\t\t\t<\/div>\n\t\t","protected":false},"excerpt":{"rendered":"<p>R\u00f3lunk Az ADVANCE K\u00e1rp\u00e1taljai Tan\u00e1csad\u00f3 \u00e9s Fejleszt\u0151 K\u00f6zpont 2000-ben alakult meg a Magyar \u00d6kumenikus Seg\u00e9lyszervezet, a Sv\u00e1jci Protest\u00e1ns Seg\u00e9lyszervezet (HEKS) \u00e9s ukrajnai mag\u00e1nszem\u00e9lyek \u00f6sszefog\u00e1s\u00e1nak eredm\u00e9nyek\u00e9pp. C\u00e9lunk, hogy szoci\u00e1lis, oktat\u00e1si \u00e9s humanit\u00e1rius programok v\u00e9grehajt\u00e1sa \u00fatj\u00e1n jobb k\u00f6r\u00fclm\u00e9nyeket biztos\u00edtsunk neh\u00e9zsors\u00fa csal\u00e1dok \u00e9s gyermekek sz\u00e1m\u00e1ra. Tev\u00e9kenys\u00e9g\u00fcnket nyitotts\u00e1g \u00e9s az emberbar\u00e1ti elvekhez val\u00f3 ragaszkod\u00e1s szellem\u00e9ben v\u00e9gezz\u00fck. A Nemzetk\u00f6zi V\u00f6r\u00f6skereszt&#8230;<\/p>\n","protected":false},"author":1,"featured_media":0,"parent":0,"menu_order":0,"comment_status":"closed","ping_status":"closed","template":"elementor_header_footer","meta":{"_monsterinsights_skip_tracking":false,"_monsterinsights_sitenote_active":false,"_monsterinsights_sitenote_note":"","_monsterinsights_sitenote_category":0,"_kad_post_transparent":"","_kad_post_title":"hide","_kad_post_layout":"fullwidth","_kad_post_sidebar_id":"","_kad_post_content_style":"unboxed","_kad_post_vertical_padding":"hide","_kad_post_feature":"hide","_kad_post_feature_position":"","_kad_post_header":false,"_kad_post_footer":false,"footnotes":""},"class_list":["post-1427","page","type-page","status-publish","hentry"],"aioseo_notices":[],"_links":{"self":[{"href":"https:\/\/advancecentr.org.ua\/hu\/wp-json\/wp\/v2\/pages\/1427","targetHints":{"allow":["GET"]}}],"collection":[{"href":"https:\/\/advancecentr.org.ua\/hu\/wp-json\/wp\/v2\/pages"}],"about":[{"href":"https:\/\/advancecentr.org.ua\/hu\/wp-json\/wp\/v2\/types\/page"}],"author":[{"embeddable":true,"href":"https:\/\/advancecentr.org.ua\/hu\/wp-json\/wp\/v2\/users\/1"}],"replies":[{"embeddable":true,"href":"https:\/\/advancecentr.org.ua\/hu\/wp-json\/wp\/v2\/comments?post=1427"}],"version-history":[{"count":25,"href":"https:\/\/advancecentr.org.ua\/hu\/wp-json\/wp\/v2\/pages\/1427\/revisions"}],"predecessor-version":[{"id":3505,"href":"https:\/\/advancecentr.org.ua\/hu\/wp-json\/wp\/v2\/pages\/1427\/revisions\/3505"}],"wp:attachment":[{"href":"https:\/\/advancecentr.org.ua\/hu\/wp-json\/wp\/v2\/media?parent=1427"}],"curies":[{"name":"wp","href":"https:\/\/api.w.org\/{rel}","templated":true}]}}