{"id":2824,"date":"2022-01-24T13:06:19","date_gmt":"2022-01-24T13:06:19","guid":{"rendered":"https:\/\/advancecentr.org.ua\/?page_id=2824"},"modified":"2022-03-16T12:53:28","modified_gmt":"2022-03-16T12:53:28","slug":"about-us","status":"publish","type":"page","link":"https:\/\/advancecentr.org.ua\/en\/about-us\/","title":{"rendered":"About us"},"content":{"rendered":"\t\t<div data-elementor-type=\"wp-page\" data-elementor-id=\"2824\" class=\"elementor elementor-2824 elementor-1427\">\n\t\t\t\t\t\t<section class=\"elementor-section elementor-top-section elementor-element elementor-element-5a728350 elementor-section-height-min-height elementor-section-boxed elementor-section-height-default elementor-section-items-middle\" data-id=\"5a728350\" data-element_type=\"section\" data-settings=\"{&quot;background_background&quot;:&quot;classic&quot;}\">\n\t\t\t\t\t\t\t<div class=\"elementor-background-overlay\"><\/div>\n\t\t\t\t\t\t\t<div class=\"elementor-container elementor-column-gap-default\">\n\t\t\t\t\t<div class=\"elementor-column elementor-col-50 elementor-top-column elementor-element elementor-element-712ec3dd\" data-id=\"712ec3dd\" data-element_type=\"column\">\n\t\t\t<div class=\"elementor-widget-wrap elementor-element-populated\">\n\t\t\t\t\t\t<section class=\"elementor-section elementor-inner-section elementor-element elementor-element-5f95dc1b elementor-section-full_width elementor-section-height-default elementor-section-height-default\" data-id=\"5f95dc1b\" data-element_type=\"section\" data-settings=\"{&quot;background_background&quot;:&quot;classic&quot;}\">\n\t\t\t\t\t\t<div class=\"elementor-container elementor-column-gap-default\">\n\t\t\t\t\t<div class=\"elementor-column elementor-col-100 elementor-inner-column elementor-element elementor-element-12bdc520\" data-id=\"12bdc520\" data-element_type=\"column\">\n\t\t\t<div class=\"elementor-widget-wrap elementor-element-populated\">\n\t\t\t\t\t\t<div class=\"elementor-element elementor-element-5fa4fd87 elementor-widget elementor-widget-image\" data-id=\"5fa4fd87\" data-element_type=\"widget\" data-widget_type=\"image.default\">\n\t\t\t\t<div class=\"elementor-widget-container\">\n\t\t\t\t\t\t\t\t\t\t\t\t\t\t\t<img fetchpriority=\"high\" decoding=\"async\" width=\"915\" height=\"485\" src=\"https:\/\/advancecentr.org.ua\/wp-content\/uploads\/2021\/06\/kapcsolat.jpg\" class=\"attachment-large size-large wp-image-1020\" alt=\"\" srcset=\"https:\/\/advancecentr.org.ua\/wp-content\/uploads\/2021\/06\/kapcsolat.jpg 915w, https:\/\/advancecentr.org.ua\/wp-content\/uploads\/2021\/06\/kapcsolat-300x159.jpg 300w, https:\/\/advancecentr.org.ua\/wp-content\/uploads\/2021\/06\/kapcsolat-768x407.jpg 768w\" sizes=\"(max-width: 915px) 100vw, 915px\" \/>\t\t\t\t\t\t\t\t\t\t\t\t\t\t\t<\/div>\n\t\t\t\t<\/div>\n\t\t\t\t\t<\/div>\n\t\t<\/div>\n\t\t\t\t\t<\/div>\n\t\t<\/section>\n\t\t\t\t\t<\/div>\n\t\t<\/div>\n\t\t\t\t<div class=\"elementor-column elementor-col-50 elementor-top-column elementor-element elementor-element-72f46b56\" data-id=\"72f46b56\" data-element_type=\"column\">\n\t\t\t<div class=\"elementor-widget-wrap elementor-element-populated\">\n\t\t\t\t\t\t<section class=\"elementor-section elementor-inner-section elementor-element elementor-element-45b96aff elementor-section-full_width elementor-section-height-default elementor-section-height-default\" data-id=\"45b96aff\" data-element_type=\"section\">\n\t\t\t\t\t\t\t<div class=\"elementor-background-overlay\"><\/div>\n\t\t\t\t\t\t\t<div class=\"elementor-container elementor-column-gap-default\">\n\t\t\t\t\t<div class=\"elementor-column elementor-col-100 elementor-inner-column elementor-element elementor-element-5018461f\" data-id=\"5018461f\" data-element_type=\"column\">\n\t\t\t<div class=\"elementor-widget-wrap elementor-element-populated\">\n\t\t\t\t\t\t<div class=\"elementor-element elementor-element-6b967a2  animated fadeInDown duration2 elementor-widget elementor-widget-heading\" data-id=\"6b967a2\" data-element_type=\"widget\" data-widget_type=\"heading.default\">\n\t\t\t\t<div class=\"elementor-widget-container\">\n\t\t\t\t\t<h2 class=\"elementor-heading-title elementor-size-default\">About us<\/h2>\t\t\t\t<\/div>\n\t\t\t\t<\/div>\n\t\t\t\t<div class=\"elementor-element elementor-element-7d96e4f4  animated fadeInDown duration1 elementor-widget-divider--view-line elementor-widget elementor-widget-divider\" data-id=\"7d96e4f4\" data-element_type=\"widget\" data-widget_type=\"divider.default\">\n\t\t\t\t<div class=\"elementor-widget-container\">\n\t\t\t\t\t\t\t<div class=\"elementor-divider\">\n\t\t\t<span class=\"elementor-divider-separator\">\n\t\t\t\t\t\t<\/span>\n\t\t<\/div>\n\t\t\t\t\t\t<\/div>\n\t\t\t\t<\/div>\n\t\t\t\t<div class=\"elementor-element elementor-element-64092aea  animated fadeInUp delay1 duration1 eds-on-scroll  elementor-widget elementor-widget-text-editor\" data-id=\"64092aea\" data-element_type=\"widget\" data-widget_type=\"text-editor.default\">\n\t\t\t\t<div class=\"elementor-widget-container\">\n\t\t\t\t\t\t\t\t\t<p>The ADVANCE Transcarpathian Advocacy and Development Center was established in 2000 as a result of the cooperation of Hungarian Interchurch Aid, the Swiss Protestant Aid Organization (HEKS) and private individuals in Ukraine. Our goal is to provide better conditions for disadvantaged families and children through the implementation of social, educational and humanitarian programs.<\/p>\t\t\t\t\t\t\t\t<\/div>\n\t\t\t\t<\/div>\n\t\t\t\t\t<\/div>\n\t\t<\/div>\n\t\t\t\t\t<\/div>\n\t\t<\/section>\n\t\t\t\t\t<\/div>\n\t\t<\/div>\n\t\t\t\t\t<\/div>\n\t\t<\/section>\n\t\t\t\t<section class=\"elementor-section elementor-top-section elementor-element elementor-element-609f832e elementor-section-height-min-height elementor-section-boxed elementor-section-height-default elementor-section-items-middle\" data-id=\"609f832e\" data-element_type=\"section\" data-settings=\"{&quot;background_background&quot;:&quot;classic&quot;}\">\n\t\t\t\t\t\t\t<div class=\"elementor-background-overlay\"><\/div>\n\t\t\t\t\t\t\t<div class=\"elementor-container elementor-column-gap-default\">\n\t\t\t\t\t<div class=\"elementor-column elementor-col-100 elementor-top-column elementor-element elementor-element-4fec03a2\" data-id=\"4fec03a2\" data-element_type=\"column\">\n\t\t\t<div class=\"elementor-widget-wrap elementor-element-populated\">\n\t\t\t\t\t\t<section class=\"elementor-section elementor-inner-section elementor-element elementor-element-101247bd elementor-section-full_width elementor-section-height-default elementor-section-height-default\" data-id=\"101247bd\" data-element_type=\"section\">\n\t\t\t\t\t\t\t<div class=\"elementor-background-overlay\"><\/div>\n\t\t\t\t\t\t\t<div class=\"elementor-container elementor-column-gap-default\">\n\t\t\t\t\t<div class=\"elementor-column elementor-col-100 elementor-inner-column elementor-element elementor-element-548b43b4\" data-id=\"548b43b4\" data-element_type=\"column\">\n\t\t\t<div class=\"elementor-widget-wrap elementor-element-populated\">\n\t\t\t\t\t\t<div class=\"elementor-element elementor-element-bff3bc1 elementor-widget elementor-widget-text-editor\" data-id=\"bff3bc1\" data-element_type=\"widget\" data-widget_type=\"text-editor.default\">\n\t\t\t\t<div class=\"elementor-widget-container\">\n\t\t\t\t\t\t\t\t\t<p>We perform our activities in the spirit of openness and adherence to humanitarian principles. Our work is carried out in accordance with the Code of Conduct developed jointly by the International Committee of the Red Cross and the Red Crescent Society, and accepted also by the UN.<\/p><p>There are two main areas of our activities:<\/p><ul><li>increasing the employment opportunities of the disadvantaged, thereby improving their living conditions,<\/li><li>promoting the development of the civil sphere in Transcarpathia<\/li><\/ul>\t\t\t\t\t\t\t\t<\/div>\n\t\t\t\t<\/div>\n\t\t\t\t<div class=\"elementor-element elementor-element-f9b530e elementor-widget elementor-widget-text-editor\" data-id=\"f9b530e\" data-element_type=\"widget\" data-widget_type=\"text-editor.default\">\n\t\t\t\t<div class=\"elementor-widget-container\">\n\t\t\t\t\t\t\t\t\t<p>Our community comprises trained professionals, enthusiastic supporters and sacrificial partners whose help allowed the Center to carry out its humanitarian and development activities successfully for more than 20 years.<\/p><p>Executive director: M\u00e1ria Fischer<\/p><p><u>Partners:<\/u><\/p><p>Magyar \u00d6kumenikus Seg\u00e9lyszervezet <a href=\"https:\/\/segelyszervezet.hu\/\">https:\/\/segelyszervezet.hu\/<\/a><\/p><p>HEKS &#8211; <a href=\"https:\/\/en.heks.ch\/\">https:\/\/en.heks.ch\/<\/a><\/p><p>Eur\u00f3pai Uni\u00f3 <a href=\"https:\/\/europa.eu\/\">https:\/\/europa.eu\/<\/a><\/p><p>Batory Foundation &#8211; <a href=\"https:\/\/www.batory.org.pl\/en\/\">https:\/\/www.batory.org.pl\/en\/<\/a><\/p><p>Magyarorsz\u00e1g K\u00fclgazdas\u00e1gi \u00e9s K\u00fcl\u00fcgyminiszt\u00e9riuma <a href=\"https:\/\/kormany.hu\/kulgazdasagi-es-kulugyminiszterium\">https:\/\/kormany.hu\/kulgazdasagi-es-kulugyminiszterium<\/a><\/p><p>APRODEV (Association of World Council of Churches related Development Organisations in Europe)<\/p><p>Corvinus Egyetem <a href=\"https:\/\/www.uni-corvinus.hu\/\">https:\/\/www.uni-corvinus.hu\/<\/a><\/p><p>PH International &#8211; <a href=\"https:\/\/www.ph-int.org\/\">https:\/\/www.ph-int.org\/<\/a><\/p><p>Project Harmony, Inc. Ukraine<\/p><p>USA Ukrajnai Nagyk\u00f6vets\u00e9ge <a href=\"https:\/\/ua.usembassy.gov\/\">https:\/\/ua.usembassy.gov\/<\/a><\/p><p>World Childhood Foundation &#8211; <a href=\"https:\/\/childhood.org\/about-childhood\/\">https:\/\/childhood.org\/about-childhood\/<\/a><\/p><p>Bethlen G\u00e1bor Alap &#8211; <a href=\"https:\/\/bgazrt.hu\">https:\/\/bgazrt.hu<\/a><\/p><p>Megyei Jog\u00fa V\u00e1rosok Sz\u00f6vets\u00e9ge <a href=\"http:\/\/www.mjvsz.hu\/\">http:\/\/www.mjvsz.hu\/<\/a><\/p><p>Beregsz\u00e1sz V\u00e1ros \u00d6nkorm\u00e1nyzata &#8211; <a href=\"http:\/\/beregovo-beregszasz.gov.ua\/ua\/\">http:\/\/beregovo-beregszasz.gov.ua\/ua\/<\/a><\/p><p>Beregsz\u00e1szi V\u00e1rosi Tan\u00e1cs Oktat\u00e1si \u00e9s Kultur\u00e1lis F\u0151oszt\u00e1lya &#8211; <a href=\"https:\/\/beregovo-dec.gov.ua\/\">https:\/\/beregovo-dec.gov.ua\/<\/a><\/p><p>Beregsz\u00e1szi J\u00e1r\u00e1si K\u00f6zigazgat\u00e1si Hivatal &#8211; <a href=\"https:\/\/bereg-rda.gov.ua\/\">https:\/\/bereg-rda.gov.ua\/<\/a><\/p><p><u>Local contractors whom we work with:<\/u><\/p><p>Knobloch S\u00e1ndor<\/p><p>Danyilas Ihor<\/p><p>Kulikovszkij Halina<\/p><p>Popovics M\u00e1ria<\/p>\t\t\t\t\t\t\t\t<\/div>\n\t\t\t\t<\/div>\n\t\t\t\t\t<\/div>\n\t\t<\/div>\n\t\t\t\t\t<\/div>\n\t\t<\/section>\n\t\t\t\t\t<\/div>\n\t\t<\/div>\n\t\t\t\t\t<\/div>\n\t\t<\/section>\n\t\t\t\t<\/div>\n\t\t","protected":false},"excerpt":{"rendered":"<p>About us The ADVANCE Transcarpathian Advocacy and Development Center was established in 2000 as a result of the cooperation of Hungarian Interchurch Aid, the Swiss Protestant Aid Organization (HEKS) and private individuals in Ukraine. Our goal is to provide better conditions for disadvantaged families and children through the implementation of social, educational and humanitarian programs&#8230;.<\/p>\n","protected":false},"author":1,"featured_media":0,"parent":0,"menu_order":0,"comment_status":"closed","ping_status":"closed","template":"elementor_header_footer","meta":{"_monsterinsights_skip_tracking":false,"_monsterinsights_sitenote_active":false,"_monsterinsights_sitenote_note":"","_monsterinsights_sitenote_category":0,"_kad_post_transparent":"default","_kad_post_title":"hide","_kad_post_layout":"fullwidth","_kad_post_sidebar_id":"","_kad_post_content_style":"unboxed","_kad_post_vertical_padding":"hide","_kad_post_feature":"hide","_kad_post_feature_position":"","_kad_post_header":false,"_kad_post_footer":false,"footnotes":""},"class_list":["post-2824","page","type-page","status-publish","hentry"],"aioseo_notices":[],"_links":{"self":[{"href":"https:\/\/advancecentr.org.ua\/en\/wp-json\/wp\/v2\/pages\/2824","targetHints":{"allow":["GET"]}}],"collection":[{"href":"https:\/\/advancecentr.org.ua\/en\/wp-json\/wp\/v2\/pages"}],"about":[{"href":"https:\/\/advancecentr.org.ua\/en\/wp-json\/wp\/v2\/types\/page"}],"author":[{"embeddable":true,"href":"https:\/\/advancecentr.org.ua\/en\/wp-json\/wp\/v2\/users\/1"}],"replies":[{"embeddable":true,"href":"https:\/\/advancecentr.org.ua\/en\/wp-json\/wp\/v2\/comments?post=2824"}],"version-history":[{"count":21,"href":"https:\/\/advancecentr.org.ua\/en\/wp-json\/wp\/v2\/pages\/2824\/revisions"}],"predecessor-version":[{"id":3513,"href":"https:\/\/advancecentr.org.ua\/en\/wp-json\/wp\/v2\/pages\/2824\/revisions\/3513"}],"wp:attachment":[{"href":"https:\/\/advancecentr.org.ua\/en\/wp-json\/wp\/v2\/media?parent=2824"}],"curies":[{"name":"wp","href":"https:\/\/api.w.org\/{rel}","templated":true}]}}